{"id":150,"date":"2024-05-10T11:20:47","date_gmt":"2024-05-10T11:20:47","guid":{"rendered":"https:\/\/loor-hypnose.lu\/?page_id=150"},"modified":"2024-05-10T11:39:03","modified_gmt":"2024-05-10T11:39:03","slug":"impressum","status":"publish","type":"page","link":"https:\/\/loor-hypnose.lu\/de\/impressum\/","title":{"rendered":"Impressum"},"content":{"rendered":"\n<div class=\"wp-block-columns alignwide are-vertically-aligned-bottom is-style-default is-layout-flex wp-container-core-columns-is-layout-4642b67b wp-block-columns-is-layout-flex\" style=\"padding-top:0;padding-right:var(--wp--preset--spacing--50);padding-bottom:0;padding-left:var(--wp--preset--spacing--50)\">\n<div class=\"wp-block-column is-vertically-aligned-bottom is-layout-flow wp-block-column-is-layout-flow\" style=\"padding-right:0;padding-left:0;flex-basis:100%\">\n<center>\n<div\n\t role=\"navigation\" aria-label=\"Sprachwechsler\" class=\"wpml-ls-statics-shortcode_actions wpml-ls wpml-ls-legacy-dropdown js-wpml-ls-legacy-dropdown\">\n\t<ul>\n\t\t<li class=\"wpml-ls-slot-shortcode_actions wpml-ls-item wpml-ls-item-de wpml-ls-current-language wpml-ls-item-legacy-dropdown\">\n\t\t\t<a href=\"#\" hreflang=\"\" lang=\"\" class=\"js-wpml-ls-item-toggle wpml-ls-item-toggle\" aria-current=\"page\" aria-expanded=\"false\" aria-controls=\"wpml-ls-submenu-default\" aria-label=\"Sprachumschalter, dr\u00fccken Sie Tab, um zu anderen Sprachen zu navigieren\" title=\"Wechseln zu Deutsch\">\n\t\t\t\t                                    <img decoding=\"async\"\n            class=\"wpml-ls-flag\"\n            src=\"https:\/\/loor-hypnose.lu\/wp-content\/plugins\/sitepress-multilingual-cms\/res\/flags\/de.svg\"\n            alt=\"\"\n            loading=\"lazy\"\n            width=18\n            height=12\n    \/><span class=\"wpml-ls-native\">Deutsch<\/span><\/a>\n\n\t\t\t<ul id=\"wpml-ls-submenu-default\" class=\"wpml-ls-sub-menu\">\n\t\t\t\t\n\t\t\t\t\t<li class=\"wpml-ls-slot-shortcode_actions wpml-ls-item wpml-ls-item-fr wpml-ls-first-item\">\n\t\t\t\t\t\t<a href=\"https:\/\/loor-hypnose.lu\/fr\/\" hreflang=\"fr\" lang=\"fr\" class=\"wpml-ls-link\" aria-label=\"Wechseln zu Fran\u00e7ais\" title=\"Wechseln zu Fran\u00e7ais\">\n\t\t\t\t\t\t\t                                    <img decoding=\"async\"\n            class=\"wpml-ls-flag\"\n            src=\"https:\/\/loor-hypnose.lu\/wp-content\/plugins\/sitepress-multilingual-cms\/res\/flags\/fr.svg\"\n            alt=\"\"\n            loading=\"lazy\"\n            width=18\n            height=12\n    \/><span class=\"wpml-ls-native\">Fran\u00e7ais<\/span><\/a>\n\t\t\t\t\t<\/li>\n\n\t\t\t\t\n\t\t\t\t\t<li class=\"wpml-ls-slot-shortcode_actions wpml-ls-item wpml-ls-item-lu wpml-ls-last-item\">\n\t\t\t\t\t\t<a href=\"https:\/\/loor-hypnose.lu\/\" hreflang=\"lu\" lang=\"lu\" class=\"wpml-ls-link\" aria-label=\"Wechseln zu L\u00ebtzebuergesch\" title=\"Wechseln zu L\u00ebtzebuergesch\">\n\t\t\t\t\t\t\t                                    <img decoding=\"async\"\n            class=\"wpml-ls-flag\"\n            src=\"https:\/\/loor-hypnose.lu\/wp-content\/plugins\/sitepress-multilingual-cms\/res\/flags\/lu.country.svg\"\n            alt=\"\"\n            loading=\"lazy\"\n            width=18\n            height=12\n    \/><span class=\"wpml-ls-native\">L\u00ebtzebuergesch<\/span><\/a>\n\t\t\t\t\t<\/li>\n\n\t\t\t\t\t\t\t<\/ul>\n\n\t\t<\/li>\n\n\t<\/ul>\n<\/div>\n<\/center>\n<\/div>\n<\/div>\n\n\n\n<div class=\"wp-block-columns alignwide is-style-default is-layout-flex wp-container-core-columns-is-layout-62db62f3 wp-block-columns-is-layout-flex\" style=\"padding-top:0;padding-bottom:0\">\n<div class=\"wp-block-column is-vertically-aligned-center is-layout-flow wp-block-column-is-layout-flow\" style=\"flex-basis:33.33%\">\n<figure class=\"wp-block-image size-large is-resized\"><a href=\"\/\"><img decoding=\"async\" src=\"https:\/\/loor-hypnose.lu\/wp-content\/uploads\/2024\/05\/loor_logo-1.svg\" alt=\"\" class=\"wp-image-83\" style=\"width:350px\"\/><\/a><\/figure>\n<\/div>\n\n\n\n<div class=\"wp-block-column is-vertically-aligned-center is-layout-flow wp-block-column-is-layout-flow\" style=\"flex-basis:66.66%\">\n<div class=\"wp-block-buttons is-horizontal is-content-justification-left is-layout-flex wp-container-core-buttons-is-layout-c39e78a4 wp-block-buttons-is-layout-flex\">\n<div class=\"wp-block-button has-custom-width wp-block-button__width-50 is-style-fill\"><a class=\"wp-block-button__link has-black-color has-text-color has-background has-link-color wp-element-button\" href=\"tel:621773885\" style=\"background-color:#aec443\">Kontakt<\/a><\/div>\n\n\n\n<div class=\"wp-block-button has-custom-width wp-block-button__width-50 is-style-fill\"><a class=\"wp-block-button__link has-black-color has-text-color has-background has-link-color wp-element-button\" href=\"https:\/\/www.terminland.de\/Loor-Hypnose\" style=\"background-color:#aec443\">Termin vereinbaren<\/a><\/div>\n<\/div>\n<\/div>\n<\/div>\n\n\n\n<div class=\"wp-block-columns alignwide is-layout-flex wp-container-core-columns-is-layout-9d6595d7 wp-block-columns-is-layout-flex\">\n<div class=\"wp-block-column is-layout-flow wp-block-column-is-layout-flow\" style=\"flex-basis:100%\">\n<p><strong>\u00c9diteur du site :<\/strong><\/p>\n\n\n\n<p>Kirepo Sarl<\/p>\n\n\n\n<p>Adresse : 1 Rue de Wormeldange-Haut, 5488 Ehnen Wormeldange<\/p>\n\n\n\n<p>Email :&nbsp;<a>info@kirepo.lu<\/a><\/p>\n\n\n\n<p>T\u00e9l\u00e9phone : 20 21 00 55<\/p>\n\n\n\n<p><strong>Directeur de la publication :<\/strong><\/p>\n\n\n\n<p>Loor Hypnose<\/p>\n\n\n\n<p>Adresse : 5 Rue de l&#8217;\u00c9glise, L-6315 Beaufort<\/p>\n\n\n\n<p>Email :&nbsp;<a href=\"mailto:info@loor-hypnose.lu\">info@loor-hypnose.lu<\/a><\/p>\n\n\n\n<p>T\u00e9l\u00e9phone : +352 621 773 885<\/p>\n\n\n\n<p><strong>H\u00e9bergement :<\/strong><\/p>\n\n\n\n<p>Le site est h\u00e9berg\u00e9 par Hetzner en Allemagne.<\/p>\n\n\n\n<p>Adresse de l\u2019h\u00e9bergeur : Hetzner Online GmbH, Industriestra\u00dfe 25, 91710 Gunzenhausen, Allemagne<\/p>\n\n\n\n<p><strong>Propri\u00e9t\u00e9 intellectuelle :<\/strong><\/p>\n\n\n\n<p>Tous les contenus pr\u00e9sents sur le site sont prot\u00e9g\u00e9s par le droit d\u2019auteur et sont la propri\u00e9t\u00e9 exclusive de Loor Hypnose, sauf mention contraire. Toute reproduction, distribution, modification ou utilisation de ces contenus sans l\u2019autorisation pr\u00e9alable de Loor Hypnose est interdite.<\/p>\n\n\n\n<p><strong>Responsabilit\u00e9 :<\/strong><\/p>\n\n\n\n<p>Loor Hypnose s\u2019efforce de fournir des informations pr\u00e9cises et \u00e0 jour sur son site web, mais ne peut garantir l\u2019exactitude, l\u2019exhaustivit\u00e9 ou la pertinence des informations fournies. En cons\u00e9quence, Loor Hypnose d\u00e9cline toute responsabilit\u00e9 pour toute erreur ou omission concernant le contenu du site et pour les \u00e9ventuels dommages caus\u00e9s par l\u2019utilisation des informations fournies sur ce site.<\/p>\n\n\n\n<p><strong>Liens externes :<\/strong><\/p>\n\n\n\n<p>Le site peut contenir des liens vers des sites web externes sur lesquels Loor Hypnose n\u2019a aucun contr\u00f4le. Par cons\u00e9quent, Loor Hypnose d\u00e9cline toute responsabilit\u00e9 quant au contenu de ces sites externes et aux \u00e9ventuels dommages caus\u00e9s par leur utilisation.<\/p>\n\n\n\n<p><strong>Protection des donn\u00e9es personnelles :<\/strong><\/p>\n\n\n\n<p>Pour plus d\u2019informations sur la collecte et le traitement de vos donn\u00e9es personnelles, veuillez consulter <a href=\"https:\/\/loor-hypnose.lu\/de\/datenschutz\/\">notre politique de confidentialit\u00e9.<\/a><\/p>\n\n\n\n<p><strong>Droit applicable et juridiction comp\u00e9tente :<\/strong><\/p>\n\n\n\n<p>Les pr\u00e9sentes mentions l\u00e9gales sont r\u00e9gies par le droit luxembourgeois. En cas de litige, les tribunaux luxembourgeois seront seuls comp\u00e9tents.<\/p>\n<\/div>\n<\/div>\n","protected":false},"excerpt":{"rendered":"<p>\u00c9diteur du site : Kirepo Sarl Adresse : 1 Rue de Wormeldange-Haut, 5488 Ehnen Wormeldange Email :&nbsp;info@kirepo.lu T\u00e9l\u00e9phone : 20 21 00 55 Directeur de la publication : Loor Hypnose Adresse : 5 Rue de l&#8217;\u00c9glise, L-6315 Beaufort Email :&nbsp;info@loor-hypnose.lu T\u00e9l\u00e9phone : +352 621 773 885 H\u00e9bergement : Le site est h\u00e9berg\u00e9 par Hetzner en&hellip; <a class=\"more-link\" href=\"https:\/\/loor-hypnose.lu\/de\/impressum\/\"><span class=\"screen-reader-text\">Impressum<\/span> weiterlesen<\/a><\/p>\n","protected":false},"author":1,"featured_media":0,"parent":0,"menu_order":0,"comment_status":"closed","ping_status":"closed","template":"","meta":{"inline_featured_image":false,"footnotes":""},"class_list":["post-150","page","type-page","status-publish","hentry","entry"],"yoast_head":"<!-- This site is optimized with the Yoast SEO plugin v27.5 - https:\/\/yoast.com\/product\/yoast-seo-wordpress\/ -->\n<title>Impressum - Loor Hypnose<\/title>\n<meta name=\"robots\" content=\"index, follow, max-snippet:-1, max-image-preview:large, max-video-preview:-1\" \/>\n<link rel=\"canonical\" href=\"https:\/\/loor-hypnose.lu\/de\/impressum\/\" \/>\n<meta property=\"og:locale\" content=\"de_DE\" \/>\n<meta property=\"og:type\" content=\"article\" \/>\n<meta property=\"og:title\" content=\"Impressum - Loor Hypnose\" \/>\n<meta property=\"og:description\" content=\"\u00c9diteur du site : Kirepo Sarl Adresse : 1 Rue de Wormeldange-Haut, 5488 Ehnen Wormeldange Email :&nbsp;info@kirepo.lu T\u00e9l\u00e9phone : 20 21 00 55 Directeur de la publication : Loor Hypnose Adresse : 5 Rue de l&#8217;\u00c9glise, L-6315 Beaufort Email :&nbsp;info@loor-hypnose.lu T\u00e9l\u00e9phone : +352 621 773 885 H\u00e9bergement : Le site est h\u00e9berg\u00e9 par Hetzner en&hellip; Impressum weiterlesen\" \/>\n<meta property=\"og:url\" content=\"https:\/\/loor-hypnose.lu\/de\/impressum\/\" \/>\n<meta property=\"og:site_name\" content=\"Loor Hypnose\" \/>\n<meta property=\"article:publisher\" content=\"https:\/\/www.facebook.com\/p\/Loor-Hypnose-100063640020371\/\" \/>\n<meta property=\"article:modified_time\" content=\"2024-05-10T11:39:03+00:00\" \/>\n<meta property=\"og:image\" content=\"https:\/\/loor-hypnose.lu\/wp-content\/uploads\/2024\/05\/loor_logo-1.svg\" \/>\n<meta name=\"twitter:card\" content=\"summary_large_image\" \/>\n<meta name=\"twitter:label1\" content=\"Gesch\u00e4tzte Lesezeit\" \/>\n\t<meta name=\"twitter:data1\" content=\"1\u00a0Minute\" \/>\n<script type=\"application\/ld+json\" class=\"yoast-schema-graph\">{\"@context\":\"https:\\\/\\\/schema.org\",\"@graph\":[{\"@type\":\"WebPage\",\"@id\":\"https:\\\/\\\/loor-hypnose.lu\\\/de\\\/impressum\\\/\",\"url\":\"https:\\\/\\\/loor-hypnose.lu\\\/de\\\/impressum\\\/\",\"name\":\"Impressum - Loor Hypnose\",\"isPartOf\":{\"@id\":\"https:\\\/\\\/loor-hypnose.lu\\\/de\\\/#website\"},\"primaryImageOfPage\":{\"@id\":\"https:\\\/\\\/loor-hypnose.lu\\\/de\\\/impressum\\\/#primaryimage\"},\"image\":{\"@id\":\"https:\\\/\\\/loor-hypnose.lu\\\/de\\\/impressum\\\/#primaryimage\"},\"thumbnailUrl\":\"https:\\\/\\\/loor-hypnose.lu\\\/wp-content\\\/uploads\\\/2024\\\/05\\\/loor_logo-1.svg\",\"datePublished\":\"2024-05-10T11:20:47+00:00\",\"dateModified\":\"2024-05-10T11:39:03+00:00\",\"breadcrumb\":{\"@id\":\"https:\\\/\\\/loor-hypnose.lu\\\/de\\\/impressum\\\/#breadcrumb\"},\"inLanguage\":\"de\",\"potentialAction\":[{\"@type\":\"ReadAction\",\"target\":[\"https:\\\/\\\/loor-hypnose.lu\\\/de\\\/impressum\\\/\"]}]},{\"@type\":\"ImageObject\",\"inLanguage\":\"de\",\"@id\":\"https:\\\/\\\/loor-hypnose.lu\\\/de\\\/impressum\\\/#primaryimage\",\"url\":\"https:\\\/\\\/loor-hypnose.lu\\\/wp-content\\\/uploads\\\/2024\\\/05\\\/loor_logo-1.svg\",\"contentUrl\":\"https:\\\/\\\/loor-hypnose.lu\\\/wp-content\\\/uploads\\\/2024\\\/05\\\/loor_logo-1.svg\"},{\"@type\":\"BreadcrumbList\",\"@id\":\"https:\\\/\\\/loor-hypnose.lu\\\/de\\\/impressum\\\/#breadcrumb\",\"itemListElement\":[{\"@type\":\"ListItem\",\"position\":1,\"name\":\"Home\",\"item\":\"https:\\\/\\\/loor-hypnose.lu\\\/de\\\/\"},{\"@type\":\"ListItem\",\"position\":2,\"name\":\"Impressum\"}]},{\"@type\":\"WebSite\",\"@id\":\"https:\\\/\\\/loor-hypnose.lu\\\/de\\\/#website\",\"url\":\"https:\\\/\\\/loor-hypnose.lu\\\/de\\\/\",\"name\":\"Loor Hypnose\",\"description\":\"\",\"publisher\":{\"@id\":\"https:\\\/\\\/loor-hypnose.lu\\\/de\\\/#organization\"},\"potentialAction\":[{\"@type\":\"SearchAction\",\"target\":{\"@type\":\"EntryPoint\",\"urlTemplate\":\"https:\\\/\\\/loor-hypnose.lu\\\/de\\\/?s={search_term_string}\"},\"query-input\":{\"@type\":\"PropertyValueSpecification\",\"valueRequired\":true,\"valueName\":\"search_term_string\"}}],\"inLanguage\":\"de\"},{\"@type\":\"Organization\",\"@id\":\"https:\\\/\\\/loor-hypnose.lu\\\/de\\\/#organization\",\"name\":\"Loor Hypnose\",\"url\":\"https:\\\/\\\/loor-hypnose.lu\\\/de\\\/\",\"logo\":{\"@type\":\"ImageObject\",\"inLanguage\":\"de\",\"@id\":\"https:\\\/\\\/loor-hypnose.lu\\\/de\\\/#\\\/schema\\\/logo\\\/image\\\/\",\"url\":\"https:\\\/\\\/loor-hypnose.lu\\\/wp-content\\\/uploads\\\/2024\\\/05\\\/loor_logo-1.svg\",\"contentUrl\":\"https:\\\/\\\/loor-hypnose.lu\\\/wp-content\\\/uploads\\\/2024\\\/05\\\/loor_logo-1.svg\",\"width\":\"1024\",\"height\":\"1024\",\"caption\":\"Loor Hypnose\"},\"image\":{\"@id\":\"https:\\\/\\\/loor-hypnose.lu\\\/de\\\/#\\\/schema\\\/logo\\\/image\\\/\"},\"sameAs\":[\"https:\\\/\\\/www.facebook.com\\\/p\\\/Loor-Hypnose-100063640020371\\\/\"]}]}<\/script>\n<!-- \/ Yoast SEO plugin. -->","yoast_head_json":{"title":"Impressum - Loor Hypnose","robots":{"index":"index","follow":"follow","max-snippet":"max-snippet:-1","max-image-preview":"max-image-preview:large","max-video-preview":"max-video-preview:-1"},"canonical":"https:\/\/loor-hypnose.lu\/de\/impressum\/","og_locale":"de_DE","og_type":"article","og_title":"Impressum - Loor Hypnose","og_description":"\u00c9diteur du site : Kirepo Sarl Adresse : 1 Rue de Wormeldange-Haut, 5488 Ehnen Wormeldange Email :&nbsp;info@kirepo.lu T\u00e9l\u00e9phone : 20 21 00 55 Directeur de la publication : Loor Hypnose Adresse : 5 Rue de l&#8217;\u00c9glise, L-6315 Beaufort Email :&nbsp;info@loor-hypnose.lu T\u00e9l\u00e9phone : +352 621 773 885 H\u00e9bergement : Le site est h\u00e9berg\u00e9 par Hetzner en&hellip; Impressum weiterlesen","og_url":"https:\/\/loor-hypnose.lu\/de\/impressum\/","og_site_name":"Loor Hypnose","article_publisher":"https:\/\/www.facebook.com\/p\/Loor-Hypnose-100063640020371\/","article_modified_time":"2024-05-10T11:39:03+00:00","og_image":[{"url":"https:\/\/loor-hypnose.lu\/wp-content\/uploads\/2024\/05\/loor_logo-1.svg","type":"","width":"","height":""}],"twitter_card":"summary_large_image","twitter_misc":{"Gesch\u00e4tzte Lesezeit":"1\u00a0Minute"},"schema":{"@context":"https:\/\/schema.org","@graph":[{"@type":"WebPage","@id":"https:\/\/loor-hypnose.lu\/de\/impressum\/","url":"https:\/\/loor-hypnose.lu\/de\/impressum\/","name":"Impressum - Loor Hypnose","isPartOf":{"@id":"https:\/\/loor-hypnose.lu\/de\/#website"},"primaryImageOfPage":{"@id":"https:\/\/loor-hypnose.lu\/de\/impressum\/#primaryimage"},"image":{"@id":"https:\/\/loor-hypnose.lu\/de\/impressum\/#primaryimage"},"thumbnailUrl":"https:\/\/loor-hypnose.lu\/wp-content\/uploads\/2024\/05\/loor_logo-1.svg","datePublished":"2024-05-10T11:20:47+00:00","dateModified":"2024-05-10T11:39:03+00:00","breadcrumb":{"@id":"https:\/\/loor-hypnose.lu\/de\/impressum\/#breadcrumb"},"inLanguage":"de","potentialAction":[{"@type":"ReadAction","target":["https:\/\/loor-hypnose.lu\/de\/impressum\/"]}]},{"@type":"ImageObject","inLanguage":"de","@id":"https:\/\/loor-hypnose.lu\/de\/impressum\/#primaryimage","url":"https:\/\/loor-hypnose.lu\/wp-content\/uploads\/2024\/05\/loor_logo-1.svg","contentUrl":"https:\/\/loor-hypnose.lu\/wp-content\/uploads\/2024\/05\/loor_logo-1.svg"},{"@type":"BreadcrumbList","@id":"https:\/\/loor-hypnose.lu\/de\/impressum\/#breadcrumb","itemListElement":[{"@type":"ListItem","position":1,"name":"Home","item":"https:\/\/loor-hypnose.lu\/de\/"},{"@type":"ListItem","position":2,"name":"Impressum"}]},{"@type":"WebSite","@id":"https:\/\/loor-hypnose.lu\/de\/#website","url":"https:\/\/loor-hypnose.lu\/de\/","name":"Loor Hypnose","description":"","publisher":{"@id":"https:\/\/loor-hypnose.lu\/de\/#organization"},"potentialAction":[{"@type":"SearchAction","target":{"@type":"EntryPoint","urlTemplate":"https:\/\/loor-hypnose.lu\/de\/?s={search_term_string}"},"query-input":{"@type":"PropertyValueSpecification","valueRequired":true,"valueName":"search_term_string"}}],"inLanguage":"de"},{"@type":"Organization","@id":"https:\/\/loor-hypnose.lu\/de\/#organization","name":"Loor Hypnose","url":"https:\/\/loor-hypnose.lu\/de\/","logo":{"@type":"ImageObject","inLanguage":"de","@id":"https:\/\/loor-hypnose.lu\/de\/#\/schema\/logo\/image\/","url":"https:\/\/loor-hypnose.lu\/wp-content\/uploads\/2024\/05\/loor_logo-1.svg","contentUrl":"https:\/\/loor-hypnose.lu\/wp-content\/uploads\/2024\/05\/loor_logo-1.svg","width":"1024","height":"1024","caption":"Loor Hypnose"},"image":{"@id":"https:\/\/loor-hypnose.lu\/de\/#\/schema\/logo\/image\/"},"sameAs":["https:\/\/www.facebook.com\/p\/Loor-Hypnose-100063640020371\/"]}]}},"_links":{"self":[{"href":"https:\/\/loor-hypnose.lu\/de\/wp-json\/wp\/v2\/pages\/150","targetHints":{"allow":["GET"]}}],"collection":[{"href":"https:\/\/loor-hypnose.lu\/de\/wp-json\/wp\/v2\/pages"}],"about":[{"href":"https:\/\/loor-hypnose.lu\/de\/wp-json\/wp\/v2\/types\/page"}],"author":[{"embeddable":true,"href":"https:\/\/loor-hypnose.lu\/de\/wp-json\/wp\/v2\/users\/1"}],"replies":[{"embeddable":true,"href":"https:\/\/loor-hypnose.lu\/de\/wp-json\/wp\/v2\/comments?post=150"}],"version-history":[{"count":0,"href":"https:\/\/loor-hypnose.lu\/de\/wp-json\/wp\/v2\/pages\/150\/revisions"}],"wp:attachment":[{"href":"https:\/\/loor-hypnose.lu\/de\/wp-json\/wp\/v2\/media?parent=150"}],"curies":[{"name":"wp","href":"https:\/\/api.w.org\/{rel}","templated":true}]}}