{"id":28,"date":"2024-01-09T10:58:47","date_gmt":"2024-01-09T10:58:47","guid":{"rendered":"https:\/\/loor-hypnose.lu\/?page_id=28"},"modified":"2024-11-19T17:21:17","modified_gmt":"2024-11-19T17:21:17","slug":"homepage","status":"publish","type":"page","link":"https:\/\/loor-hypnose.lu\/de\/","title":{"rendered":"Homepage"},"content":{"rendered":"\n<div class=\"wp-block-columns alignwide are-vertically-aligned-bottom is-style-default is-layout-flex wp-container-core-columns-is-layout-4642b67b wp-block-columns-is-layout-flex\" style=\"padding-top:0;padding-right:var(--wp--preset--spacing--50);padding-bottom:0;padding-left:var(--wp--preset--spacing--50)\">\n<div class=\"wp-block-column is-vertically-aligned-bottom is-layout-flow wp-block-column-is-layout-flow\" style=\"padding-right:0;padding-left:0;flex-basis:100%\">\n<center>\n<div\n\t role=\"navigation\" aria-label=\"Sprachwechsler\" class=\"wpml-ls-statics-shortcode_actions wpml-ls wpml-ls-legacy-dropdown js-wpml-ls-legacy-dropdown\">\n\t<ul>\n\t\t<li class=\"wpml-ls-slot-shortcode_actions wpml-ls-item wpml-ls-item-de wpml-ls-current-language wpml-ls-item-legacy-dropdown\">\n\t\t\t<a href=\"#\" hreflang=\"\" lang=\"\" class=\"js-wpml-ls-item-toggle wpml-ls-item-toggle\" aria-current=\"page\" aria-expanded=\"false\" aria-controls=\"wpml-ls-submenu-default\" aria-label=\"Sprachumschalter, dr\u00fccken Sie Tab, um zu anderen Sprachen zu navigieren\" title=\"Wechseln zu Deutsch\">\n\t\t\t\t                                    <img decoding=\"async\"\n            class=\"wpml-ls-flag\"\n            src=\"https:\/\/loor-hypnose.lu\/wp-content\/plugins\/sitepress-multilingual-cms\/res\/flags\/de.svg\"\n            alt=\"\"\n            loading=\"lazy\"\n            width=18\n            height=12\n    \/><span class=\"wpml-ls-native\">Deutsch<\/span><\/a>\n\n\t\t\t<ul id=\"wpml-ls-submenu-default\" class=\"wpml-ls-sub-menu\">\n\t\t\t\t\n\t\t\t\t\t<li class=\"wpml-ls-slot-shortcode_actions wpml-ls-item wpml-ls-item-fr wpml-ls-first-item\">\n\t\t\t\t\t\t<a href=\"https:\/\/loor-hypnose.lu\/fr\/\" hreflang=\"fr\" lang=\"fr\" class=\"wpml-ls-link\" aria-label=\"Wechseln zu Fran\u00e7ais\" title=\"Wechseln zu Fran\u00e7ais\">\n\t\t\t\t\t\t\t                                    <img decoding=\"async\"\n            class=\"wpml-ls-flag\"\n            src=\"https:\/\/loor-hypnose.lu\/wp-content\/plugins\/sitepress-multilingual-cms\/res\/flags\/fr.svg\"\n            alt=\"\"\n            loading=\"lazy\"\n            width=18\n            height=12\n    \/><span class=\"wpml-ls-native\">Fran\u00e7ais<\/span><\/a>\n\t\t\t\t\t<\/li>\n\n\t\t\t\t\n\t\t\t\t\t<li class=\"wpml-ls-slot-shortcode_actions wpml-ls-item wpml-ls-item-lu wpml-ls-last-item\">\n\t\t\t\t\t\t<a href=\"https:\/\/loor-hypnose.lu\/\" hreflang=\"lu\" lang=\"lu\" class=\"wpml-ls-link\" aria-label=\"Wechseln zu L\u00ebtzebuergesch\" title=\"Wechseln zu L\u00ebtzebuergesch\">\n\t\t\t\t\t\t\t                                    <img decoding=\"async\"\n            class=\"wpml-ls-flag\"\n            src=\"https:\/\/loor-hypnose.lu\/wp-content\/plugins\/sitepress-multilingual-cms\/res\/flags\/lu.country.svg\"\n            alt=\"\"\n            loading=\"lazy\"\n            width=18\n            height=12\n    \/><span class=\"wpml-ls-native\">L\u00ebtzebuergesch<\/span><\/a>\n\t\t\t\t\t<\/li>\n\n\t\t\t\t\t\t\t<\/ul>\n\n\t\t<\/li>\n\n\t<\/ul>\n<\/div>\n<\/center>\n<\/div>\n<\/div>\n\n\n\n<div class=\"wp-block-columns alignwide is-style-default is-layout-flex wp-container-core-columns-is-layout-62db62f3 wp-block-columns-is-layout-flex\" style=\"padding-top:0;padding-bottom:0\">\n<div class=\"wp-block-column is-vertically-aligned-center is-layout-flow wp-block-column-is-layout-flow\" style=\"flex-basis:33.33%\">\n<figure class=\"wp-block-image size-large is-resized\"><a href=\"\/\"><img decoding=\"async\" src=\"https:\/\/loor-hypnose.lu\/wp-content\/uploads\/2024\/05\/loor_logo-1.svg\" alt=\"\" class=\"wp-image-83\" style=\"width:350px\"\/><\/a><\/figure>\n<\/div>\n\n\n\n<div class=\"wp-block-column is-vertically-aligned-center is-layout-flow wp-block-column-is-layout-flow\" style=\"flex-basis:66.66%\">\n<div class=\"wp-block-buttons is-horizontal is-content-justification-left is-layout-flex wp-container-core-buttons-is-layout-c39e78a4 wp-block-buttons-is-layout-flex\">\n<div class=\"wp-block-button has-custom-width wp-block-button__width-50 is-style-fill\"><a class=\"wp-block-button__link has-black-color has-text-color has-background has-link-color wp-element-button\" href=\"#contact\" style=\"background-color:#aec443\">Kontakt<\/a><\/div>\n\n\n\n<div class=\"wp-block-button has-custom-width wp-block-button__width-50 is-style-fill\"><a class=\"wp-block-button__link has-black-color has-text-color has-background has-link-color wp-element-button\" href=\"https:\/\/www.terminland.de\/Loor-Hypnose\" style=\"background-color:#aec443\">Termin vereinbaren<\/a><\/div>\n<\/div>\n<\/div>\n<\/div>\n\n\n\n<h2 class=\"wp-block-heading has-text-align-center has-extra-large-font-size\"><strong>Wer ist Loor-Hypnose?<\/strong><\/h2>\n\n\n\n<div class=\"wp-block-columns alignwide is-layout-flex wp-container-core-columns-is-layout-9d6595d7 wp-block-columns-is-layout-flex\">\n<div class=\"wp-block-column is-layout-flow wp-block-column-is-layout-flow\">\n<p>Mein Name ist Annemie Loor<\/p>\n\n\n\n<p>Durch meine langj\u00e4hrige Erfahrung als freiberufliche Krankenschwester weiss ich, dass man nicht nur dem K\u00f6rper sondern auch der Psyche Beachtung schenken soll. Konflikte im Unterbewusstsein treten oft als k\u00f6rperliche Beschwerden auf, die keine medizinische Ursache haben.<\/p>\n\n\n\n<p>2020 fand ich in der Hypnosetherapie meine L\u00f6sung um meine Patienten auch in ihrer mentalen Gesundheit zu unterst\u00fctzen. Seitdem folgten viele Spezialisationen und Weiterbildungen, die mir erm\u00f6glichen, meine Klienten kompetent in ihrem Heilungsprozess zu unterst\u00fctzen und zu begleiten.<\/p>\n\n\n\n<p>Seit 2023 bin ich ausgebildete Mesmeristin. Mesmerismus ist die K\u00f6nigsdisziplin der Hypnosetherapie. Diese Methode umgeht den rationalen Verstand des Klienten und wirkt direkt auf die Blockadezentren. Ohne zu reden erreiche ich so mit meinem Klienten sehr schnell und effektiv sein Ziel.<\/p>\n<\/div>\n\n\n\n<div class=\"wp-block-column is-layout-flow wp-block-column-is-layout-flow\"><div class=\"wp-block-image\">\n<figure class=\"aligncenter size-large\"><img loading=\"lazy\" decoding=\"async\" width=\"683\" height=\"1024\" src=\"https:\/\/loor-hypnose.lu\/wp-content\/uploads\/2024\/11\/1-683x1024.jpg\" alt=\"\" class=\"wp-image-253\" srcset=\"https:\/\/loor-hypnose.lu\/wp-content\/uploads\/2024\/11\/1-683x1024.jpg 683w, https:\/\/loor-hypnose.lu\/wp-content\/uploads\/2024\/11\/1-200x300.jpg 200w, https:\/\/loor-hypnose.lu\/wp-content\/uploads\/2024\/11\/1-768x1152.jpg 768w, https:\/\/loor-hypnose.lu\/wp-content\/uploads\/2024\/11\/1-1024x1536.jpg 1024w, https:\/\/loor-hypnose.lu\/wp-content\/uploads\/2024\/11\/1-1366x2048.jpg 1366w, https:\/\/loor-hypnose.lu\/wp-content\/uploads\/2024\/11\/1.jpg 1485w\" sizes=\"auto, (max-width: 683px) 100vw, 683px\" \/><\/figure>\n<\/div><\/div>\n<\/div>\n\n\n\n<div class=\"wp-block-columns alignwide is-style-default is-layout-flex wp-container-core-columns-is-layout-9d6595d7 wp-block-columns-is-layout-flex\">\n<div class=\"wp-block-column is-layout-flow wp-block-column-is-layout-flow\" style=\"flex-basis:100%\">\n<p>Durch meine berufliche Karriere habe ich mich auf medizinische Problematik konzentriert<\/p>\n\n\n\n<ul class=\"wp-block-list\">\n<li>Schmerzlinderung<\/li>\n\n\n\n<li>Suchtproblematik<\/li>\n\n\n\n<li>Depressionen<\/li>\n\n\n\n<li>Phobien, \u00c4ngste<\/li>\n\n\n\n<li>Burnout<\/li>\n\n\n\n<li>Hauterkrankungen<\/li>\n\n\n\n<li>Blokaden (k\u00f6rperliche, aber auch Lernblokaden, Sportsblokaden,\u2026)<\/li>\n\n\n\n<li>usw.<\/li>\n<\/ul>\n\n\n\n<p>Empathisch und kompetent begleite ich jeden Klienten auf seinem Weg, in seiner Geschwindigkeit und mit der zu ihm passenden Technik.<\/p>\n\n\n\n<p>So einzigartig wie meine Klienten sind, so einzigartig sind auch meine Behandlungen.<\/p>\n\n\n\n<p><strong>Meine Ausbildungen<\/strong><\/p>\n\n\n\n<ul class=\"wp-block-list\">\n<li>zertifizierte Hypnosetherapeutin vom National Guild of Hypnotists <\/li>\n\n\n\n<li>Zertifizierte Hypnosis Institute Absolventin<\/li>\n\n\n\n<li>Mesmeristin<\/li>\n\n\n\n<li>Kinder- und Jugendhypnosetherapeutin<\/li>\n\n\n\n<li>Simpson Protocol<\/li>\n\n\n\n<li>Life Puzzle Pro<\/li>\n\n\n\n<li>ECP Trainerin<\/li>\n\n\n\n<li>Mindperform Gr\u00fcnderin<\/li>\n<\/ul>\n\n\n\n<h2 class=\"wp-block-heading has-text-align-center has-extra-large-font-size\" id=\"contact\"><strong>Kontakt<\/strong><\/h2>\n\n\n\n<div class=\"wp-block-columns alignwide is-layout-flex wp-container-core-columns-is-layout-9d6595d7 wp-block-columns-is-layout-flex\">\n<div class=\"wp-block-column is-layout-flow wp-block-column-is-layout-flow\">\n<p class=\"has-text-align-right\"><img decoding=\"async\" style=\"width:29px\" src=\"\/wp-content\/uploads\/2024\/05\/call_24dp_FILL1_wght400_GRAD0_opsz24.png\"> <a href=\"tel:00352621773885\">00 352 621 773 885<\/a><\/p>\n<\/div>\n\n\n\n<div class=\"wp-block-column is-layout-flow wp-block-column-is-layout-flow\">\n<p class=\"has-text-align-left\"><img decoding=\"async\" src=\"\/wp-content\/uploads\/2024\/05\/mail_24dp_FILL1_wght400_GRAD0_opsz24.png\" style=\"width:29px\">  <a href=\"mailto:info@loor-hypnose.lu\">info@loor-hypnose.lu<\/a><\/p>\n<\/div>\n<\/div>\n\n\n\n<p class=\"has-text-align-center\"><strong><a href=\"https:\/\/maps.app.goo.gl\/oPvhZXBaz3RNjokm8\">Wegbeschreibu<\/a><a href=\"https:\/\/maps.app.goo.gl\/oPvhZXBaz3RNjokm8\" target=\"_blank\" rel=\"noreferrer noopener\">ng<\/a><\/strong><\/p>\n\n\n\n<div class=\"wp-block-columns is-layout-flex wp-container-core-columns-is-layout-9d6595d7 wp-block-columns-is-layout-flex\">\n<div class=\"wp-block-column is-vertically-aligned-bottom is-layout-flow wp-block-column-is-layout-flow\">\n<p class=\"has-text-align-center\"><a href=\"\/impressum\">Impressum<\/a> | <a href=\"\/datenschutz\">Datenschutzrichtlinie<\/a><\/p>\n<\/div>\n<\/div>\n<\/div>\n<\/div>\n\n\n\n<figure class=\"wp-block-image size-large round-loor\"><img decoding=\"async\" src=\"https:\/\/loor-hypnose.lu\/wp-content\/uploads\/2021\/04\/Hypnose-circle.svg\" alt=\"\" class=\"wp-image-15\"\/><\/figure>\n","protected":false},"excerpt":{"rendered":"<p>Wer ist Loor-Hypnose? Mein Name ist Annemie Loor Durch meine langj\u00e4hrige Erfahrung als freiberufliche Krankenschwester weiss ich, dass man nicht nur dem K\u00f6rper sondern auch der Psyche Beachtung schenken soll. Konflikte im Unterbewusstsein treten oft als k\u00f6rperliche Beschwerden auf, die keine medizinische Ursache haben. 2020 fand ich in der Hypnosetherapie meine L\u00f6sung um meine Patienten&hellip; <a class=\"more-link\" href=\"https:\/\/loor-hypnose.lu\/de\/\"><span class=\"screen-reader-text\">Homepage<\/span> weiterlesen<\/a><\/p>\n","protected":false},"author":1,"featured_media":0,"parent":0,"menu_order":0,"comment_status":"closed","ping_status":"closed","template":"","meta":{"inline_featured_image":false,"footnotes":""},"class_list":["post-28","page","type-page","status-publish","hentry","entry"],"yoast_head":"<!-- This site is optimized with the Yoast SEO plugin v27.5 - https:\/\/yoast.com\/product\/yoast-seo-wordpress\/ -->\n<title>Homepage - Loor Hypnose<\/title>\n<meta name=\"robots\" content=\"index, follow, max-snippet:-1, max-image-preview:large, max-video-preview:-1\" \/>\n<link rel=\"canonical\" href=\"https:\/\/loor-hypnose.lu\/de\/\" \/>\n<meta property=\"og:locale\" content=\"de_DE\" \/>\n<meta property=\"og:type\" content=\"article\" \/>\n<meta property=\"og:title\" content=\"Homepage - Loor Hypnose\" \/>\n<meta property=\"og:description\" content=\"Wer ist Loor-Hypnose? Mein Name ist Annemie Loor Durch meine langj\u00e4hrige Erfahrung als freiberufliche Krankenschwester weiss ich, dass man nicht nur dem K\u00f6rper sondern auch der Psyche Beachtung schenken soll. Konflikte im Unterbewusstsein treten oft als k\u00f6rperliche Beschwerden auf, die keine medizinische Ursache haben. 2020 fand ich in der Hypnosetherapie meine L\u00f6sung um meine Patienten&hellip; Homepage weiterlesen\" \/>\n<meta property=\"og:url\" content=\"https:\/\/loor-hypnose.lu\/de\/\" \/>\n<meta property=\"og:site_name\" content=\"Loor Hypnose\" \/>\n<meta property=\"article:publisher\" content=\"https:\/\/www.facebook.com\/p\/Loor-Hypnose-100063640020371\/\" \/>\n<meta property=\"article:modified_time\" content=\"2024-11-19T17:21:17+00:00\" \/>\n<meta property=\"og:image\" content=\"https:\/\/loor-hypnose.lu\/wp-content\/uploads\/2024\/05\/loor_logo-1.svg\" \/>\n<meta name=\"twitter:card\" content=\"summary_large_image\" \/>\n<meta name=\"twitter:label1\" content=\"Gesch\u00e4tzte Lesezeit\" \/>\n\t<meta name=\"twitter:data1\" content=\"2\u00a0Minuten\" \/>\n<script type=\"application\/ld+json\" class=\"yoast-schema-graph\">{\"@context\":\"https:\\\/\\\/schema.org\",\"@graph\":[{\"@type\":\"WebPage\",\"@id\":\"https:\\\/\\\/loor-hypnose.lu\\\/de\\\/\",\"url\":\"https:\\\/\\\/loor-hypnose.lu\\\/de\\\/\",\"name\":\"Homepage - Loor Hypnose\",\"isPartOf\":{\"@id\":\"https:\\\/\\\/loor-hypnose.lu\\\/de\\\/#website\"},\"primaryImageOfPage\":{\"@id\":\"https:\\\/\\\/loor-hypnose.lu\\\/de\\\/#primaryimage\"},\"image\":{\"@id\":\"https:\\\/\\\/loor-hypnose.lu\\\/de\\\/#primaryimage\"},\"thumbnailUrl\":\"https:\\\/\\\/loor-hypnose.lu\\\/wp-content\\\/uploads\\\/2024\\\/05\\\/loor_logo-1.svg\",\"datePublished\":\"2024-01-09T10:58:47+00:00\",\"dateModified\":\"2024-11-19T17:21:17+00:00\",\"breadcrumb\":{\"@id\":\"https:\\\/\\\/loor-hypnose.lu\\\/de\\\/#breadcrumb\"},\"inLanguage\":\"de\",\"potentialAction\":[{\"@type\":\"ReadAction\",\"target\":[\"https:\\\/\\\/loor-hypnose.lu\\\/de\\\/\"]}]},{\"@type\":\"ImageObject\",\"inLanguage\":\"de\",\"@id\":\"https:\\\/\\\/loor-hypnose.lu\\\/de\\\/#primaryimage\",\"url\":\"https:\\\/\\\/loor-hypnose.lu\\\/wp-content\\\/uploads\\\/2024\\\/05\\\/loor_logo-1.svg\",\"contentUrl\":\"https:\\\/\\\/loor-hypnose.lu\\\/wp-content\\\/uploads\\\/2024\\\/05\\\/loor_logo-1.svg\"},{\"@type\":\"BreadcrumbList\",\"@id\":\"https:\\\/\\\/loor-hypnose.lu\\\/de\\\/#breadcrumb\",\"itemListElement\":[{\"@type\":\"ListItem\",\"position\":1,\"name\":\"Home\",\"item\":\"https:\\\/\\\/loor-hypnose.lu\\\/de\\\/\"},{\"@type\":\"ListItem\",\"position\":2,\"name\":\"Homepage\"}]},{\"@type\":\"WebSite\",\"@id\":\"https:\\\/\\\/loor-hypnose.lu\\\/de\\\/#website\",\"url\":\"https:\\\/\\\/loor-hypnose.lu\\\/de\\\/\",\"name\":\"Loor Hypnose\",\"description\":\"\",\"publisher\":{\"@id\":\"https:\\\/\\\/loor-hypnose.lu\\\/de\\\/#organization\"},\"potentialAction\":[{\"@type\":\"SearchAction\",\"target\":{\"@type\":\"EntryPoint\",\"urlTemplate\":\"https:\\\/\\\/loor-hypnose.lu\\\/de\\\/?s={search_term_string}\"},\"query-input\":{\"@type\":\"PropertyValueSpecification\",\"valueRequired\":true,\"valueName\":\"search_term_string\"}}],\"inLanguage\":\"de\"},{\"@type\":\"Organization\",\"@id\":\"https:\\\/\\\/loor-hypnose.lu\\\/de\\\/#organization\",\"name\":\"Loor Hypnose\",\"url\":\"https:\\\/\\\/loor-hypnose.lu\\\/de\\\/\",\"logo\":{\"@type\":\"ImageObject\",\"inLanguage\":\"de\",\"@id\":\"https:\\\/\\\/loor-hypnose.lu\\\/de\\\/#\\\/schema\\\/logo\\\/image\\\/\",\"url\":\"https:\\\/\\\/loor-hypnose.lu\\\/wp-content\\\/uploads\\\/2024\\\/05\\\/loor_logo-1.svg\",\"contentUrl\":\"https:\\\/\\\/loor-hypnose.lu\\\/wp-content\\\/uploads\\\/2024\\\/05\\\/loor_logo-1.svg\",\"width\":\"1024\",\"height\":\"1024\",\"caption\":\"Loor Hypnose\"},\"image\":{\"@id\":\"https:\\\/\\\/loor-hypnose.lu\\\/de\\\/#\\\/schema\\\/logo\\\/image\\\/\"},\"sameAs\":[\"https:\\\/\\\/www.facebook.com\\\/p\\\/Loor-Hypnose-100063640020371\\\/\"]}]}<\/script>\n<!-- \/ Yoast SEO plugin. -->","yoast_head_json":{"title":"Homepage - Loor Hypnose","robots":{"index":"index","follow":"follow","max-snippet":"max-snippet:-1","max-image-preview":"max-image-preview:large","max-video-preview":"max-video-preview:-1"},"canonical":"https:\/\/loor-hypnose.lu\/de\/","og_locale":"de_DE","og_type":"article","og_title":"Homepage - Loor Hypnose","og_description":"Wer ist Loor-Hypnose? Mein Name ist Annemie Loor Durch meine langj\u00e4hrige Erfahrung als freiberufliche Krankenschwester weiss ich, dass man nicht nur dem K\u00f6rper sondern auch der Psyche Beachtung schenken soll. Konflikte im Unterbewusstsein treten oft als k\u00f6rperliche Beschwerden auf, die keine medizinische Ursache haben. 2020 fand ich in der Hypnosetherapie meine L\u00f6sung um meine Patienten&hellip; Homepage weiterlesen","og_url":"https:\/\/loor-hypnose.lu\/de\/","og_site_name":"Loor Hypnose","article_publisher":"https:\/\/www.facebook.com\/p\/Loor-Hypnose-100063640020371\/","article_modified_time":"2024-11-19T17:21:17+00:00","og_image":[{"url":"https:\/\/loor-hypnose.lu\/wp-content\/uploads\/2024\/05\/loor_logo-1.svg","type":"","width":"","height":""}],"twitter_card":"summary_large_image","twitter_misc":{"Gesch\u00e4tzte Lesezeit":"2\u00a0Minuten"},"schema":{"@context":"https:\/\/schema.org","@graph":[{"@type":"WebPage","@id":"https:\/\/loor-hypnose.lu\/de\/","url":"https:\/\/loor-hypnose.lu\/de\/","name":"Homepage - Loor Hypnose","isPartOf":{"@id":"https:\/\/loor-hypnose.lu\/de\/#website"},"primaryImageOfPage":{"@id":"https:\/\/loor-hypnose.lu\/de\/#primaryimage"},"image":{"@id":"https:\/\/loor-hypnose.lu\/de\/#primaryimage"},"thumbnailUrl":"https:\/\/loor-hypnose.lu\/wp-content\/uploads\/2024\/05\/loor_logo-1.svg","datePublished":"2024-01-09T10:58:47+00:00","dateModified":"2024-11-19T17:21:17+00:00","breadcrumb":{"@id":"https:\/\/loor-hypnose.lu\/de\/#breadcrumb"},"inLanguage":"de","potentialAction":[{"@type":"ReadAction","target":["https:\/\/loor-hypnose.lu\/de\/"]}]},{"@type":"ImageObject","inLanguage":"de","@id":"https:\/\/loor-hypnose.lu\/de\/#primaryimage","url":"https:\/\/loor-hypnose.lu\/wp-content\/uploads\/2024\/05\/loor_logo-1.svg","contentUrl":"https:\/\/loor-hypnose.lu\/wp-content\/uploads\/2024\/05\/loor_logo-1.svg"},{"@type":"BreadcrumbList","@id":"https:\/\/loor-hypnose.lu\/de\/#breadcrumb","itemListElement":[{"@type":"ListItem","position":1,"name":"Home","item":"https:\/\/loor-hypnose.lu\/de\/"},{"@type":"ListItem","position":2,"name":"Homepage"}]},{"@type":"WebSite","@id":"https:\/\/loor-hypnose.lu\/de\/#website","url":"https:\/\/loor-hypnose.lu\/de\/","name":"Loor Hypnose","description":"","publisher":{"@id":"https:\/\/loor-hypnose.lu\/de\/#organization"},"potentialAction":[{"@type":"SearchAction","target":{"@type":"EntryPoint","urlTemplate":"https:\/\/loor-hypnose.lu\/de\/?s={search_term_string}"},"query-input":{"@type":"PropertyValueSpecification","valueRequired":true,"valueName":"search_term_string"}}],"inLanguage":"de"},{"@type":"Organization","@id":"https:\/\/loor-hypnose.lu\/de\/#organization","name":"Loor Hypnose","url":"https:\/\/loor-hypnose.lu\/de\/","logo":{"@type":"ImageObject","inLanguage":"de","@id":"https:\/\/loor-hypnose.lu\/de\/#\/schema\/logo\/image\/","url":"https:\/\/loor-hypnose.lu\/wp-content\/uploads\/2024\/05\/loor_logo-1.svg","contentUrl":"https:\/\/loor-hypnose.lu\/wp-content\/uploads\/2024\/05\/loor_logo-1.svg","width":"1024","height":"1024","caption":"Loor Hypnose"},"image":{"@id":"https:\/\/loor-hypnose.lu\/de\/#\/schema\/logo\/image\/"},"sameAs":["https:\/\/www.facebook.com\/p\/Loor-Hypnose-100063640020371\/"]}]}},"_links":{"self":[{"href":"https:\/\/loor-hypnose.lu\/de\/wp-json\/wp\/v2\/pages\/28","targetHints":{"allow":["GET"]}}],"collection":[{"href":"https:\/\/loor-hypnose.lu\/de\/wp-json\/wp\/v2\/pages"}],"about":[{"href":"https:\/\/loor-hypnose.lu\/de\/wp-json\/wp\/v2\/types\/page"}],"author":[{"embeddable":true,"href":"https:\/\/loor-hypnose.lu\/de\/wp-json\/wp\/v2\/users\/1"}],"replies":[{"embeddable":true,"href":"https:\/\/loor-hypnose.lu\/de\/wp-json\/wp\/v2\/comments?post=28"}],"version-history":[{"count":10,"href":"https:\/\/loor-hypnose.lu\/de\/wp-json\/wp\/v2\/pages\/28\/revisions"}],"predecessor-version":[{"id":263,"href":"https:\/\/loor-hypnose.lu\/de\/wp-json\/wp\/v2\/pages\/28\/revisions\/263"}],"wp:attachment":[{"href":"https:\/\/loor-hypnose.lu\/de\/wp-json\/wp\/v2\/media?parent=28"}],"curies":[{"name":"wp","href":"https:\/\/api.w.org\/{rel}","templated":true}]}}