{"id":190,"date":"2024-05-10T11:44:51","date_gmt":"2024-05-10T11:44:51","guid":{"rendered":"https:\/\/loor-hypnose.lu\/datenschutz\/"},"modified":"2024-05-10T12:03:09","modified_gmt":"2024-05-10T12:03:09","slug":"datenschutz","status":"publish","type":"page","link":"https:\/\/loor-hypnose.lu\/fr\/datenschutz\/","title":{"rendered":"Datenschutzrichtlinie"},"content":{"rendered":"\n<div class=\"wp-block-columns alignwide are-vertically-aligned-bottom is-style-default is-layout-flex wp-container-core-columns-is-layout-4642b67b wp-block-columns-is-layout-flex\" style=\"padding-top:0;padding-right:var(--wp--preset--spacing--50);padding-bottom:0;padding-left:var(--wp--preset--spacing--50)\">\n<div class=\"wp-block-column is-vertically-aligned-bottom is-layout-flow wp-block-column-is-layout-flow\" style=\"padding-right:0;padding-left:0;flex-basis:100%\">\n<center>\n<div\n\t role=\"navigation\" aria-label=\"S\u00e9lecteur de langue\" class=\"wpml-ls-statics-shortcode_actions wpml-ls wpml-ls-legacy-dropdown js-wpml-ls-legacy-dropdown\">\n\t<ul>\n\t\t<li class=\"wpml-ls-slot-shortcode_actions wpml-ls-item wpml-ls-item-fr wpml-ls-current-language wpml-ls-first-item wpml-ls-item-legacy-dropdown\">\n\t\t\t<a href=\"#\" hreflang=\"\" lang=\"\" class=\"js-wpml-ls-item-toggle wpml-ls-item-toggle\" aria-current=\"page\" aria-expanded=\"false\" aria-controls=\"wpml-ls-submenu-default\" aria-label=\"S\u00e9lecteur de langue, appuyez sur tabulation pour naviguer vers d&#039;autres langues\" title=\"Passer \u00e0 Fran\u00e7ais\">\n\t\t\t\t                                    <img decoding=\"async\"\n            class=\"wpml-ls-flag\"\n            src=\"https:\/\/loor-hypnose.lu\/wp-content\/plugins\/sitepress-multilingual-cms\/res\/flags\/fr.svg\"\n            alt=\"\"\n            loading=\"lazy\"\n            width=18\n            height=12\n    \/><span class=\"wpml-ls-native\">Fran\u00e7ais<\/span><\/a>\n\n\t\t\t<ul id=\"wpml-ls-submenu-default\" class=\"wpml-ls-sub-menu\">\n\t\t\t\t\n\t\t\t\t\t<li class=\"wpml-ls-slot-shortcode_actions wpml-ls-item wpml-ls-item-de\">\n\t\t\t\t\t\t<a href=\"https:\/\/loor-hypnose.lu\/de\/\" hreflang=\"de\" lang=\"de\" class=\"wpml-ls-link\" aria-label=\"Passer \u00e0 Deutsch\" title=\"Passer \u00e0 Deutsch\">\n\t\t\t\t\t\t\t                                    <img decoding=\"async\"\n            class=\"wpml-ls-flag\"\n            src=\"https:\/\/loor-hypnose.lu\/wp-content\/plugins\/sitepress-multilingual-cms\/res\/flags\/de.svg\"\n            alt=\"\"\n            loading=\"lazy\"\n            width=18\n            height=12\n    \/><span class=\"wpml-ls-native\">Deutsch<\/span><\/a>\n\t\t\t\t\t<\/li>\n\n\t\t\t\t\n\t\t\t\t\t<li class=\"wpml-ls-slot-shortcode_actions wpml-ls-item wpml-ls-item-lu wpml-ls-last-item\">\n\t\t\t\t\t\t<a href=\"https:\/\/loor-hypnose.lu\/\" hreflang=\"lu\" lang=\"lu\" class=\"wpml-ls-link\" aria-label=\"Passer \u00e0 L\u00ebtzebuergesch\" title=\"Passer \u00e0 L\u00ebtzebuergesch\">\n\t\t\t\t\t\t\t                                    <img decoding=\"async\"\n            class=\"wpml-ls-flag\"\n            src=\"https:\/\/loor-hypnose.lu\/wp-content\/plugins\/sitepress-multilingual-cms\/res\/flags\/lu.country.svg\"\n            alt=\"\"\n            loading=\"lazy\"\n            width=18\n            height=12\n    \/><span class=\"wpml-ls-native\">L\u00ebtzebuergesch<\/span><\/a>\n\t\t\t\t\t<\/li>\n\n\t\t\t\t\t\t\t<\/ul>\n\n\t\t<\/li>\n\n\t<\/ul>\n<\/div>\n<\/center>\n<\/div>\n<\/div>\n\n\n\n<div class=\"wp-block-columns alignwide is-style-default is-layout-flex wp-container-core-columns-is-layout-62db62f3 wp-block-columns-is-layout-flex\" style=\"padding-top:0;padding-bottom:0\">\n<div class=\"wp-block-column is-vertically-aligned-center is-layout-flow wp-block-column-is-layout-flow\" style=\"flex-basis:33.33%\">\n<figure class=\"wp-block-image size-large is-resized\"><a href=\"\/\"><img decoding=\"async\" src=\"https:\/\/loor-hypnose.lu\/wp-content\/uploads\/2024\/05\/loor_logo-1.svg\" alt=\"\" class=\"wp-image-83\" style=\"width:350px\"\/><\/a><\/figure>\n<\/div>\n\n\n\n<div class=\"wp-block-column is-vertically-aligned-center is-layout-flow wp-block-column-is-layout-flow\" style=\"flex-basis:66.66%\">\n<div class=\"wp-block-buttons is-horizontal is-content-justification-left is-layout-flex wp-container-core-buttons-is-layout-c39e78a4 wp-block-buttons-is-layout-flex\">\n<div class=\"wp-block-button has-custom-width wp-block-button__width-50 is-style-fill\"><a class=\"wp-block-button__link has-black-color has-text-color has-background has-link-color wp-element-button\" href=\"tel:621773885\" style=\"background-color:#aec443\">Contact<\/a><\/div>\n\n\n\n<div class=\"wp-block-button has-custom-width wp-block-button__width-50 is-style-fill\"><a class=\"wp-block-button__link has-black-color has-text-color has-background has-link-color wp-element-button\" href=\"https:\/\/www.terminland.de\/Loor-Hypnose\" style=\"background-color:#aec443\">Prendre rendez-vous<\/a><\/div>\n<\/div>\n<\/div>\n<\/div>\n\n\n\n<div class=\"wp-block-columns alignwide is-layout-flex wp-container-core-columns-is-layout-9d6595d7 wp-block-columns-is-layout-flex\">\n<div class=\"wp-block-column is-layout-flow wp-block-column-is-layout-flow\" style=\"flex-basis:100%\">\n<p>Loor Hypnose exploite le site Web https:\/\/loor-hypnose.lu, qui fournit le SERVICE.<\/p>\n\n<p>Cette page est utilis\u00e9e pour informer les visiteurs du site Web de nos politiques en mati\u00e8re de collecte, d&rsquo;utilisation et de divulgation d&rsquo;informations personnelles si quelqu&rsquo;un d\u00e9cide d&rsquo;utiliser notre service, le site Web Loor Hypnose.<\/p>\n\n<p>Si vous choisissez d&rsquo;utiliser notre service, vous acceptez la collecte et l&rsquo;utilisation d&rsquo;informations en relation avec cette politique. Les informations personnelles que nous collectons sont utilis\u00e9es pour fournir et am\u00e9liorer le service. Nous n&rsquo;utiliserons ni ne partagerons vos informations avec personne sauf tel que d\u00e9crit dans cette politique de confidentialit\u00e9.<\/p>\n\n<p>Les termes utilis\u00e9s dans cette politique de confidentialit\u00e9 ont la m\u00eame signification que dans nos conditions g\u00e9n\u00e9rales, accessibles sur https:\/\/loor-hypnose.lu, sauf indication contraire dans cette politique de confidentialit\u00e9.<\/p>\n\n<h2>Collecte et utilisation des informations<\/h2>\n\n<p>Pour une meilleure exp\u00e9rience lors de l&rsquo;utilisation de notre service, nous pouvons vous demander de nous fournir certaines informations personnelles identifiables, y compris, mais sans s&rsquo;y limiter, votre nom, votre num\u00e9ro de t\u00e9l\u00e9phone et votre adresse postale. Les informations que nous collectons seront utilis\u00e9es pour vous contacter ou vous identifier.<\/p>\n\n<h2>Donn\u00e9es de journal<\/h2>\n\n<p>Nous tenons \u00e0 vous informer que chaque fois que vous visitez notre service, nous collectons des informations que votre navigateur nous envoie et qui sont appel\u00e9es donn\u00e9es de journal. Ces donn\u00e9es de journal peuvent inclure des informations telles que l&rsquo;adresse IP de votre ordinateur, la version de votre navigateur, les pages de notre service que vous visitez, l&rsquo;heure et la date de votre visite, le temps pass\u00e9 sur ces pages et d&rsquo;autres statistiques.<\/p>\n\n<h2>Cookies<\/h2>\n\n<p>Les cookies sont des fichiers contenant une petite quantit\u00e9 de donn\u00e9es qui sont couramment utilis\u00e9s comme identifiants uniques anonymes. Ils sont envoy\u00e9s \u00e0 votre navigateur \u00e0 partir du site Web que vous visitez et sont stock\u00e9s sur le disque dur de votre ordinateur.<\/p>\n\n<p>Notre site Web utilise ces \u00ab\u00a0cookies\u00a0\u00bb pour collecter des informations et am\u00e9liorer notre service. Vous avez la possibilit\u00e9 d&rsquo;accepter ou de refuser ces cookies et de savoir quand un cookie est envoy\u00e9 \u00e0 votre ordinateur. Si vous choisissez de refuser nos cookies, il se peut que vous ne puissiez pas utiliser certaines parties de notre service.<\/p>\n\n<h2>Prestataires de services<\/h2>\n\n<p>Nous pouvons faire appel \u00e0 des entreprises et des individus tiers pour les raisons suivantes :<\/p>\n\n<ul>\n    <li>Faciliter notre service ;<\/li>\n    <li>Fournir le service en notre nom ;<\/li>\n    <li>Effectuer des services li\u00e9s au service ; ou<\/li>\n    <li>Nous aider \u00e0 analyser comment notre service est utilis\u00e9.<\/li>\n<\/ul>\n\n<p>Nous tenons \u00e0 informer les utilisateurs de notre service que ces tiers ont acc\u00e8s \u00e0 vos informations personnelles. La raison en est d&rsquo;effectuer les t\u00e2ches qui leur sont assign\u00e9es en notre nom. Cependant, ils sont tenus de ne pas divulguer ni utiliser les informations \u00e0 d&rsquo;autres fins.<\/p>\n\n<h2>S\u00e9curit\u00e9<\/h2>\n\n<p>Nous attachons de l&rsquo;importance \u00e0 votre confiance en nous fournissant vos informations personnelles, c&rsquo;est pourquoi nous nous effor\u00e7ons d&rsquo;utiliser des moyens commercialement acceptables pour les prot\u00e9ger. Cependant, rappelez-vous qu&rsquo;aucune m\u00e9thode de transmission sur Internet ou de stockage \u00e9lectronique n&rsquo;est s\u00e9curis\u00e9e \u00e0 100 % et fiable, et nous ne pouvons garantir sa s\u00e9curit\u00e9 absolue.<\/p>\n\n<h2>Liens vers d&rsquo;autres sites<\/h2>\n\n<p>Notre service peut contenir des liens vers d&rsquo;autres sites. Si vous cliquez sur un lien tiers, vous serez dirig\u00e9 vers ce site. Notez que ces sites externes ne sont pas exploit\u00e9s par nous. Par cons\u00e9quent, nous vous recommandons vivement de consulter la politique de confidentialit\u00e9 de ces sites Web. Nous n&rsquo;avons aucun contr\u00f4le sur le contenu, les politiques de confidentialit\u00e9 ou les pratiques des sites ou services tiers et d\u00e9clinons toute responsabilit\u00e9 \u00e0 cet \u00e9gard.<\/p>\n\n<p>Confidentialit\u00e9 des enfants<\/p>\n\n<p>Nos services ne s&rsquo;adressent pas aux personnes de moins de 13 ans. Nous ne recueillons pas sciemment d&rsquo;informations personnelles identifiables aupr\u00e8s de personnes de moins de 13 ans. Dans le cas o\u00f9 nous d\u00e9couvrions qu&rsquo;un enfant de moins de 13 ans nous a fourni des informations personnelles, nous les supprimerions imm\u00e9diatement de nos serveurs. Si vous \u00eates un parent ou un tuteur et que vous avez connaissance du fait que votre enfant nous a fourni des informations personnelles, veuillez nous contacter afin que nous puissions prendre les mesures n\u00e9cessaires.<\/p>\n\n<h2>Modifications de cette politique de confidentialit\u00e9<\/h2>\n\n<p>Nous pouvons mettre \u00e0 jour notre politique de confidentialit\u00e9 de temps \u00e0 autre. Nous vous recommandons donc de consulter cette page p\u00e9riodiquement pour prendre connaissance de toute modification. Nous vous informerons de toute modification en publiant la nouvelle politique de confidentialit\u00e9 sur cette page. Ces modifications entreront en vigueur imm\u00e9diatement apr\u00e8s leur publication sur cette page.<\/p>\n\n<h2>Contactez-nous<\/h2>\n\n<p>Si vous avez des questions ou des suggestions concernant notre politique de confidentialit\u00e9, n&rsquo;h\u00e9sitez pas \u00e0 nous contacter.<\/p>\n<\/div>\n<\/div>\n","protected":false},"excerpt":{"rendered":"<p>Loor Hypnose exploite le site Web https:\/\/loor-hypnose.lu, qui fournit le SERVICE. Cette page est utilis\u00e9e pour informer les visiteurs du site Web de nos politiques en mati\u00e8re de collecte, d&rsquo;utilisation et de divulgation d&rsquo;informations personnelles si quelqu&rsquo;un d\u00e9cide d&rsquo;utiliser notre service, le site Web Loor Hypnose. Si vous choisissez d&rsquo;utiliser notre service, vous acceptez la&hellip; <a class=\"more-link\" href=\"https:\/\/loor-hypnose.lu\/fr\/datenschutz\/\">Poursuivre la lecture <span class=\"screen-reader-text\">Datenschutzrichtlinie<\/span><\/a><\/p>\n","protected":false},"author":1,"featured_media":0,"parent":0,"menu_order":0,"comment_status":"closed","ping_status":"closed","template":"","meta":{"inline_featured_image":false,"footnotes":""},"class_list":["post-190","page","type-page","status-publish","hentry","entry"],"yoast_head":"<!-- This site is optimized with the Yoast SEO plugin v27.5 - https:\/\/yoast.com\/product\/yoast-seo-wordpress\/ -->\n<title>Datenschutzrichtlinie - Loor Hypnose<\/title>\n<meta name=\"robots\" content=\"index, follow, max-snippet:-1, max-image-preview:large, max-video-preview:-1\" \/>\n<link rel=\"canonical\" href=\"https:\/\/loor-hypnose.lu\/fr\/datenschutz\/\" \/>\n<meta property=\"og:locale\" content=\"fr_FR\" \/>\n<meta property=\"og:type\" content=\"article\" \/>\n<meta property=\"og:title\" content=\"Datenschutzrichtlinie - Loor Hypnose\" \/>\n<meta property=\"og:description\" content=\"Loor Hypnose exploite le site Web https:\/\/loor-hypnose.lu, qui fournit le SERVICE. Cette page est utilis\u00e9e pour informer les visiteurs du site Web de nos politiques en mati\u00e8re de collecte, d&rsquo;utilisation et de divulgation d&rsquo;informations personnelles si quelqu&rsquo;un d\u00e9cide d&rsquo;utiliser notre service, le site Web Loor Hypnose. Si vous choisissez d&rsquo;utiliser notre service, vous acceptez la&hellip; Poursuivre la lecture Datenschutzrichtlinie\" \/>\n<meta property=\"og:url\" content=\"https:\/\/loor-hypnose.lu\/fr\/datenschutz\/\" \/>\n<meta property=\"og:site_name\" content=\"Loor Hypnose\" \/>\n<meta property=\"article:publisher\" content=\"https:\/\/www.facebook.com\/p\/Loor-Hypnose-100063640020371\/\" \/>\n<meta property=\"article:modified_time\" content=\"2024-05-10T12:03:09+00:00\" \/>\n<meta property=\"og:image\" content=\"https:\/\/loor-hypnose.lu\/wp-content\/uploads\/2024\/05\/loor_logo-1.svg\" \/>\n<meta name=\"twitter:card\" content=\"summary_large_image\" \/>\n<meta name=\"twitter:label1\" content=\"Dur\u00e9e de lecture estim\u00e9e\" \/>\n\t<meta name=\"twitter:data1\" content=\"4 minutes\" \/>\n<script type=\"application\/ld+json\" class=\"yoast-schema-graph\">{\"@context\":\"https:\\\/\\\/schema.org\",\"@graph\":[{\"@type\":\"WebPage\",\"@id\":\"https:\\\/\\\/loor-hypnose.lu\\\/fr\\\/datenschutz\\\/\",\"url\":\"https:\\\/\\\/loor-hypnose.lu\\\/fr\\\/datenschutz\\\/\",\"name\":\"Datenschutzrichtlinie - Loor Hypnose\",\"isPartOf\":{\"@id\":\"https:\\\/\\\/loor-hypnose.lu\\\/fr\\\/#website\"},\"primaryImageOfPage\":{\"@id\":\"https:\\\/\\\/loor-hypnose.lu\\\/fr\\\/datenschutz\\\/#primaryimage\"},\"image\":{\"@id\":\"https:\\\/\\\/loor-hypnose.lu\\\/fr\\\/datenschutz\\\/#primaryimage\"},\"thumbnailUrl\":\"https:\\\/\\\/loor-hypnose.lu\\\/wp-content\\\/uploads\\\/2024\\\/05\\\/loor_logo-1.svg\",\"datePublished\":\"2024-05-10T11:44:51+00:00\",\"dateModified\":\"2024-05-10T12:03:09+00:00\",\"breadcrumb\":{\"@id\":\"https:\\\/\\\/loor-hypnose.lu\\\/fr\\\/datenschutz\\\/#breadcrumb\"},\"inLanguage\":\"fr-FR\",\"potentialAction\":[{\"@type\":\"ReadAction\",\"target\":[\"https:\\\/\\\/loor-hypnose.lu\\\/fr\\\/datenschutz\\\/\"]}]},{\"@type\":\"ImageObject\",\"inLanguage\":\"fr-FR\",\"@id\":\"https:\\\/\\\/loor-hypnose.lu\\\/fr\\\/datenschutz\\\/#primaryimage\",\"url\":\"https:\\\/\\\/loor-hypnose.lu\\\/wp-content\\\/uploads\\\/2024\\\/05\\\/loor_logo-1.svg\",\"contentUrl\":\"https:\\\/\\\/loor-hypnose.lu\\\/wp-content\\\/uploads\\\/2024\\\/05\\\/loor_logo-1.svg\"},{\"@type\":\"BreadcrumbList\",\"@id\":\"https:\\\/\\\/loor-hypnose.lu\\\/fr\\\/datenschutz\\\/#breadcrumb\",\"itemListElement\":[{\"@type\":\"ListItem\",\"position\":1,\"name\":\"Home\",\"item\":\"https:\\\/\\\/loor-hypnose.lu\\\/fr\\\/\"},{\"@type\":\"ListItem\",\"position\":2,\"name\":\"Datenschutzrichtlinie\"}]},{\"@type\":\"WebSite\",\"@id\":\"https:\\\/\\\/loor-hypnose.lu\\\/fr\\\/#website\",\"url\":\"https:\\\/\\\/loor-hypnose.lu\\\/fr\\\/\",\"name\":\"Loor Hypnose\",\"description\":\"\",\"publisher\":{\"@id\":\"https:\\\/\\\/loor-hypnose.lu\\\/fr\\\/#organization\"},\"potentialAction\":[{\"@type\":\"SearchAction\",\"target\":{\"@type\":\"EntryPoint\",\"urlTemplate\":\"https:\\\/\\\/loor-hypnose.lu\\\/fr\\\/?s={search_term_string}\"},\"query-input\":{\"@type\":\"PropertyValueSpecification\",\"valueRequired\":true,\"valueName\":\"search_term_string\"}}],\"inLanguage\":\"fr-FR\"},{\"@type\":\"Organization\",\"@id\":\"https:\\\/\\\/loor-hypnose.lu\\\/fr\\\/#organization\",\"name\":\"Loor Hypnose\",\"url\":\"https:\\\/\\\/loor-hypnose.lu\\\/fr\\\/\",\"logo\":{\"@type\":\"ImageObject\",\"inLanguage\":\"fr-FR\",\"@id\":\"https:\\\/\\\/loor-hypnose.lu\\\/fr\\\/#\\\/schema\\\/logo\\\/image\\\/\",\"url\":\"https:\\\/\\\/loor-hypnose.lu\\\/wp-content\\\/uploads\\\/2024\\\/05\\\/loor_logo-1.svg\",\"contentUrl\":\"https:\\\/\\\/loor-hypnose.lu\\\/wp-content\\\/uploads\\\/2024\\\/05\\\/loor_logo-1.svg\",\"width\":\"1024\",\"height\":\"1024\",\"caption\":\"Loor Hypnose\"},\"image\":{\"@id\":\"https:\\\/\\\/loor-hypnose.lu\\\/fr\\\/#\\\/schema\\\/logo\\\/image\\\/\"},\"sameAs\":[\"https:\\\/\\\/www.facebook.com\\\/p\\\/Loor-Hypnose-100063640020371\\\/\"]}]}<\/script>\n<!-- \/ Yoast SEO plugin. -->","yoast_head_json":{"title":"Datenschutzrichtlinie - Loor Hypnose","robots":{"index":"index","follow":"follow","max-snippet":"max-snippet:-1","max-image-preview":"max-image-preview:large","max-video-preview":"max-video-preview:-1"},"canonical":"https:\/\/loor-hypnose.lu\/fr\/datenschutz\/","og_locale":"fr_FR","og_type":"article","og_title":"Datenschutzrichtlinie - Loor Hypnose","og_description":"Loor Hypnose exploite le site Web https:\/\/loor-hypnose.lu, qui fournit le SERVICE. Cette page est utilis\u00e9e pour informer les visiteurs du site Web de nos politiques en mati\u00e8re de collecte, d&rsquo;utilisation et de divulgation d&rsquo;informations personnelles si quelqu&rsquo;un d\u00e9cide d&rsquo;utiliser notre service, le site Web Loor Hypnose. Si vous choisissez d&rsquo;utiliser notre service, vous acceptez la&hellip; Poursuivre la lecture Datenschutzrichtlinie","og_url":"https:\/\/loor-hypnose.lu\/fr\/datenschutz\/","og_site_name":"Loor Hypnose","article_publisher":"https:\/\/www.facebook.com\/p\/Loor-Hypnose-100063640020371\/","article_modified_time":"2024-05-10T12:03:09+00:00","og_image":[{"url":"https:\/\/loor-hypnose.lu\/wp-content\/uploads\/2024\/05\/loor_logo-1.svg","type":"","width":"","height":""}],"twitter_card":"summary_large_image","twitter_misc":{"Dur\u00e9e de lecture estim\u00e9e":"4 minutes"},"schema":{"@context":"https:\/\/schema.org","@graph":[{"@type":"WebPage","@id":"https:\/\/loor-hypnose.lu\/fr\/datenschutz\/","url":"https:\/\/loor-hypnose.lu\/fr\/datenschutz\/","name":"Datenschutzrichtlinie - Loor Hypnose","isPartOf":{"@id":"https:\/\/loor-hypnose.lu\/fr\/#website"},"primaryImageOfPage":{"@id":"https:\/\/loor-hypnose.lu\/fr\/datenschutz\/#primaryimage"},"image":{"@id":"https:\/\/loor-hypnose.lu\/fr\/datenschutz\/#primaryimage"},"thumbnailUrl":"https:\/\/loor-hypnose.lu\/wp-content\/uploads\/2024\/05\/loor_logo-1.svg","datePublished":"2024-05-10T11:44:51+00:00","dateModified":"2024-05-10T12:03:09+00:00","breadcrumb":{"@id":"https:\/\/loor-hypnose.lu\/fr\/datenschutz\/#breadcrumb"},"inLanguage":"fr-FR","potentialAction":[{"@type":"ReadAction","target":["https:\/\/loor-hypnose.lu\/fr\/datenschutz\/"]}]},{"@type":"ImageObject","inLanguage":"fr-FR","@id":"https:\/\/loor-hypnose.lu\/fr\/datenschutz\/#primaryimage","url":"https:\/\/loor-hypnose.lu\/wp-content\/uploads\/2024\/05\/loor_logo-1.svg","contentUrl":"https:\/\/loor-hypnose.lu\/wp-content\/uploads\/2024\/05\/loor_logo-1.svg"},{"@type":"BreadcrumbList","@id":"https:\/\/loor-hypnose.lu\/fr\/datenschutz\/#breadcrumb","itemListElement":[{"@type":"ListItem","position":1,"name":"Home","item":"https:\/\/loor-hypnose.lu\/fr\/"},{"@type":"ListItem","position":2,"name":"Datenschutzrichtlinie"}]},{"@type":"WebSite","@id":"https:\/\/loor-hypnose.lu\/fr\/#website","url":"https:\/\/loor-hypnose.lu\/fr\/","name":"Loor Hypnose","description":"","publisher":{"@id":"https:\/\/loor-hypnose.lu\/fr\/#organization"},"potentialAction":[{"@type":"SearchAction","target":{"@type":"EntryPoint","urlTemplate":"https:\/\/loor-hypnose.lu\/fr\/?s={search_term_string}"},"query-input":{"@type":"PropertyValueSpecification","valueRequired":true,"valueName":"search_term_string"}}],"inLanguage":"fr-FR"},{"@type":"Organization","@id":"https:\/\/loor-hypnose.lu\/fr\/#organization","name":"Loor Hypnose","url":"https:\/\/loor-hypnose.lu\/fr\/","logo":{"@type":"ImageObject","inLanguage":"fr-FR","@id":"https:\/\/loor-hypnose.lu\/fr\/#\/schema\/logo\/image\/","url":"https:\/\/loor-hypnose.lu\/wp-content\/uploads\/2024\/05\/loor_logo-1.svg","contentUrl":"https:\/\/loor-hypnose.lu\/wp-content\/uploads\/2024\/05\/loor_logo-1.svg","width":"1024","height":"1024","caption":"Loor Hypnose"},"image":{"@id":"https:\/\/loor-hypnose.lu\/fr\/#\/schema\/logo\/image\/"},"sameAs":["https:\/\/www.facebook.com\/p\/Loor-Hypnose-100063640020371\/"]}]}},"_links":{"self":[{"href":"https:\/\/loor-hypnose.lu\/fr\/wp-json\/wp\/v2\/pages\/190","targetHints":{"allow":["GET"]}}],"collection":[{"href":"https:\/\/loor-hypnose.lu\/fr\/wp-json\/wp\/v2\/pages"}],"about":[{"href":"https:\/\/loor-hypnose.lu\/fr\/wp-json\/wp\/v2\/types\/page"}],"author":[{"embeddable":true,"href":"https:\/\/loor-hypnose.lu\/fr\/wp-json\/wp\/v2\/users\/1"}],"replies":[{"embeddable":true,"href":"https:\/\/loor-hypnose.lu\/fr\/wp-json\/wp\/v2\/comments?post=190"}],"version-history":[{"count":0,"href":"https:\/\/loor-hypnose.lu\/fr\/wp-json\/wp\/v2\/pages\/190\/revisions"}],"wp:attachment":[{"href":"https:\/\/loor-hypnose.lu\/fr\/wp-json\/wp\/v2\/media?parent=190"}],"curies":[{"name":"wp","href":"https:\/\/api.w.org\/{rel}","templated":true}]}}