{"id":94,"date":"2024-01-09T10:58:47","date_gmt":"2024-01-09T10:58:47","guid":{"rendered":"https:\/\/loor-hypnose.lu\/index.php\/page-daccueil\/"},"modified":"2024-11-19T17:19:33","modified_gmt":"2024-11-19T17:19:33","slug":"page-daccueil","status":"publish","type":"page","link":"https:\/\/loor-hypnose.lu\/fr\/","title":{"rendered":"Page d&rsquo;accueil"},"content":{"rendered":"\n<div class=\"wp-block-columns alignwide are-vertically-aligned-bottom is-style-default is-layout-flex wp-container-core-columns-is-layout-4642b67b wp-block-columns-is-layout-flex\" style=\"padding-top:0;padding-right:var(--wp--preset--spacing--50);padding-bottom:0;padding-left:var(--wp--preset--spacing--50)\">\n<div class=\"wp-block-column is-vertically-aligned-bottom is-layout-flow wp-block-column-is-layout-flow\" style=\"padding-right:0;padding-left:0;flex-basis:100%\">\n<center>\n<div\n\t role=\"navigation\" aria-label=\"S\u00e9lecteur de langue\" class=\"wpml-ls-statics-shortcode_actions wpml-ls wpml-ls-legacy-dropdown js-wpml-ls-legacy-dropdown\">\n\t<ul>\n\t\t<li class=\"wpml-ls-slot-shortcode_actions wpml-ls-item wpml-ls-item-fr wpml-ls-current-language wpml-ls-first-item wpml-ls-item-legacy-dropdown\">\n\t\t\t<a href=\"#\" hreflang=\"\" lang=\"\" class=\"js-wpml-ls-item-toggle wpml-ls-item-toggle\" aria-current=\"page\" aria-expanded=\"false\" aria-controls=\"wpml-ls-submenu-default\" aria-label=\"S\u00e9lecteur de langue, appuyez sur tabulation pour naviguer vers d&#039;autres langues\" title=\"Passer \u00e0 Fran\u00e7ais\">\n\t\t\t\t                                    <img decoding=\"async\"\n            class=\"wpml-ls-flag\"\n            src=\"https:\/\/loor-hypnose.lu\/wp-content\/plugins\/sitepress-multilingual-cms\/res\/flags\/fr.svg\"\n            alt=\"\"\n            loading=\"lazy\"\n            width=18\n            height=12\n    \/><span class=\"wpml-ls-native\">Fran\u00e7ais<\/span><\/a>\n\n\t\t\t<ul id=\"wpml-ls-submenu-default\" class=\"wpml-ls-sub-menu\">\n\t\t\t\t\n\t\t\t\t\t<li class=\"wpml-ls-slot-shortcode_actions wpml-ls-item wpml-ls-item-de\">\n\t\t\t\t\t\t<a href=\"https:\/\/loor-hypnose.lu\/de\/\" hreflang=\"de\" lang=\"de\" class=\"wpml-ls-link\" aria-label=\"Passer \u00e0 Deutsch\" title=\"Passer \u00e0 Deutsch\">\n\t\t\t\t\t\t\t                                    <img decoding=\"async\"\n            class=\"wpml-ls-flag\"\n            src=\"https:\/\/loor-hypnose.lu\/wp-content\/plugins\/sitepress-multilingual-cms\/res\/flags\/de.svg\"\n            alt=\"\"\n            loading=\"lazy\"\n            width=18\n            height=12\n    \/><span class=\"wpml-ls-native\">Deutsch<\/span><\/a>\n\t\t\t\t\t<\/li>\n\n\t\t\t\t\n\t\t\t\t\t<li class=\"wpml-ls-slot-shortcode_actions wpml-ls-item wpml-ls-item-lu wpml-ls-last-item\">\n\t\t\t\t\t\t<a href=\"https:\/\/loor-hypnose.lu\/\" hreflang=\"lu\" lang=\"lu\" class=\"wpml-ls-link\" aria-label=\"Passer \u00e0 L\u00ebtzebuergesch\" title=\"Passer \u00e0 L\u00ebtzebuergesch\">\n\t\t\t\t\t\t\t                                    <img decoding=\"async\"\n            class=\"wpml-ls-flag\"\n            src=\"https:\/\/loor-hypnose.lu\/wp-content\/plugins\/sitepress-multilingual-cms\/res\/flags\/lu.country.svg\"\n            alt=\"\"\n            loading=\"lazy\"\n            width=18\n            height=12\n    \/><span class=\"wpml-ls-native\">L\u00ebtzebuergesch<\/span><\/a>\n\t\t\t\t\t<\/li>\n\n\t\t\t\t\t\t\t<\/ul>\n\n\t\t<\/li>\n\n\t<\/ul>\n<\/div>\n<\/center>\n<\/div>\n<\/div>\n\n\n\n<div class=\"wp-block-columns alignwide is-style-default is-layout-flex wp-container-core-columns-is-layout-62db62f3 wp-block-columns-is-layout-flex\" style=\"padding-top:0;padding-bottom:0\">\n<div class=\"wp-block-column is-vertically-aligned-center is-layout-flow wp-block-column-is-layout-flow\" style=\"flex-basis:33.33%\">\n<figure class=\"wp-block-image size-large is-resized\"><a href=\"\/\"><img decoding=\"async\" src=\"https:\/\/loor-hypnose.lu\/wp-content\/uploads\/2024\/05\/loor_logo-1.svg\" alt=\"\" class=\"wp-image-83\" style=\"width:350px\"\/><\/a><\/figure>\n<\/div>\n\n\n\n<div class=\"wp-block-column is-vertically-aligned-center is-layout-flow wp-block-column-is-layout-flow\" style=\"flex-basis:66.66%\">\n<div class=\"wp-block-buttons is-horizontal is-content-justification-left is-layout-flex wp-container-core-buttons-is-layout-c39e78a4 wp-block-buttons-is-layout-flex\">\n<div class=\"wp-block-button has-custom-width wp-block-button__width-50 is-style-fill\"><a class=\"wp-block-button__link has-black-color has-text-color has-background has-link-color wp-element-button\" href=\"#contact\" style=\"background-color:#aec443\">Contact<\/a><\/div>\n\n\n\n<div class=\"wp-block-button has-custom-width wp-block-button__width-50 is-style-fill\"><a class=\"wp-block-button__link has-black-color has-text-color has-background has-link-color wp-element-button\" href=\"https:\/\/www.terminland.de\/Loor-Hypnose\/default.aspx?lang=fr\" style=\"background-color:#aec443\">Prendre rendez-vous<\/a><\/div>\n<\/div>\n<\/div>\n<\/div>\n\n\n\n<h2 class=\"wp-block-heading has-text-align-center has-extra-large-font-size\"><strong>Qui est Loor-Hypnose ?<\/strong><\/h2>\n\n\n\n<div class=\"wp-block-columns alignwide is-layout-flex wp-container-core-columns-is-layout-9d6595d7 wp-block-columns-is-layout-flex\">\n<div class=\"wp-block-column is-layout-flow wp-block-column-is-layout-flow\">\n<p>Mon nom est Annemie Loor<\/p>\n\n\n\n<p>Mon exp\u00e9rience en tant qu\u00b4infirmi\u00e8re m\u00b4a montr\u00e9 qu\u00b4il ne suffit pas de soigner uniquement le corps du client mais qu\u00b4il faut \u00e9galement prendre en consid\u00e9ration son mental. En effet souvent les conflits dans l\u00b4inconscient apparaissent comme sympt\u00f4mes corporels, sans pour autant avoir une origine m\u00e9dicale.<\/p>\n\n\n\n<p>En 2020 j\u00b4ai trouv\u00e9 dans l\u00b4hypnose une possibilit\u00e9 de soutenir encore d\u00b4avantage mes clients dans leur sant\u00e9 mentale. Depuis lors j\u00b4ai poursuivi diff\u00e9rentes formations et sp\u00e9cialisations, qui me permettent d\u00b4accompagner mes clients avec comp\u00e9tence et bienveillance.<\/p>\n\n\n\n<p>Depuis 2023 j\u00b4exerce surtout en tant que mesm\u00e9riste.  Cette m\u00e9thode r\u00e9agit directement sur les centres de blocages du client. Sans parler ou conna\u00eetre le probl\u00e8me, je peux atteindre avec le client d\u00b4une mani\u00e8re rapide et efficace son but.<\/p>\n<\/div>\n\n\n\n<div class=\"wp-block-column is-layout-flow wp-block-column-is-layout-flow\"><div class=\"wp-block-image\">\n<figure class=\"aligncenter size-large\"><img loading=\"lazy\" decoding=\"async\" width=\"683\" height=\"1024\" src=\"https:\/\/loor-hypnose.lu\/wp-content\/uploads\/2024\/11\/1-683x1024.jpg\" alt=\"\" class=\"wp-image-252\" srcset=\"https:\/\/loor-hypnose.lu\/wp-content\/uploads\/2024\/11\/1-683x1024.jpg 683w, https:\/\/loor-hypnose.lu\/wp-content\/uploads\/2024\/11\/1-200x300.jpg 200w, https:\/\/loor-hypnose.lu\/wp-content\/uploads\/2024\/11\/1-768x1152.jpg 768w, https:\/\/loor-hypnose.lu\/wp-content\/uploads\/2024\/11\/1-1024x1536.jpg 1024w, https:\/\/loor-hypnose.lu\/wp-content\/uploads\/2024\/11\/1-1366x2048.jpg 1366w, https:\/\/loor-hypnose.lu\/wp-content\/uploads\/2024\/11\/1.jpg 1485w\" sizes=\"auto, (max-width: 683px) 100vw, 683px\" \/><\/figure>\n<\/div><\/div>\n<\/div>\n\n\n\n<div class=\"wp-block-columns alignwide is-style-default is-layout-flex wp-container-core-columns-is-layout-9d6595d7 wp-block-columns-is-layout-flex\">\n<div class=\"wp-block-column is-layout-flow wp-block-column-is-layout-flow\" style=\"flex-basis:100%\">\n<p>Suite \u00e0 mon exp\u00e9rience professionnelle je me concentre surtout sur des probl\u00e8mes m\u00e9dicaux.<\/p>\n\n\n\n<ul class=\"wp-block-list\">\n<li>Douleurs<\/li>\n\n\n\n<li>D\u00e9pendances de substances<\/li>\n\n\n\n<li>D\u00e9pression<\/li>\n\n\n\n<li>Phobies et anxi\u00e9t\u00e9s<\/li>\n\n\n\n<li>Burnout<\/li>\n\n\n\n<li>Probl\u00e8mes dermatologiques<\/li>\n\n\n\n<li>Blocages (corporels, sportifs mais aussi dans le cadre de l\u00b4apprentissage)<\/li>\n\n\n\n<li>etc.<\/li>\n<\/ul>\n\n\n\n<p>De mani\u00e8re empathique et comp\u00e9tente, j\u00b4accompagne mes clients sur leur chemin \u00e0 leur propre vitesse et selon la technique appropri\u00e9e.<\/p>\n\n\n\n<p>Chaque client est unique et les consultations sont individualis\u00e9es.<\/p>\n\n\n\n<p><strong>Mes formations<\/strong><\/p>\n\n\n\n<ul class=\"wp-block-list\">\n<li>hypnoth\u00e9rapeute certifi\u00e9e du National Guild of Hypnotists <\/li>\n\n\n\n<li>Certifi\u00e9e de l\u00b4Hypnosis Institute<\/li>\n\n\n\n<li>Mesm\u00e9riste<\/li>\n\n\n\n<li>Th\u00e9rapeute en hypnose pour enfants et adolescents<\/li>\n\n\n\n<li>Simpson Protocol<\/li>\n\n\n\n<li>Life Puzzle Pro<\/li>\n\n\n\n<li>Formatrice ECP<\/li>\n\n\n\n<li>Fondatrice Mindperform<\/li>\n<\/ul>\n\n\n\n<h2 class=\"wp-block-heading has-text-align-center has-extra-large-font-size\" id=\"contact\"><strong>Contact<\/strong><\/h2>\n\n\n\n<div class=\"wp-block-columns alignwide is-layout-flex wp-container-core-columns-is-layout-9d6595d7 wp-block-columns-is-layout-flex\">\n<div class=\"wp-block-column is-layout-flow wp-block-column-is-layout-flow\">\n<p class=\"has-text-align-right\"><img decoding=\"async\" style=\"width:29px\" src=\"\/wp-content\/uploads\/2024\/05\/call_24dp_FILL1_wght400_GRAD0_opsz24.png\"> <a href=\"tel:00352621773885\">00 352 621 773 885<\/a><\/p>\n<\/div>\n\n\n\n<div class=\"wp-block-column is-layout-flow wp-block-column-is-layout-flow\">\n<p class=\"has-text-align-left\"><img decoding=\"async\" src=\"\/wp-content\/uploads\/2024\/05\/mail_24dp_FILL1_wght400_GRAD0_opsz24.png\" style=\"width:29px\">  <a href=\"mailto:info@loor-hypnose.lu\">info@loor-hypnose.lu<\/a><\/p>\n<\/div>\n<\/div>\n\n\n\n<p class=\"has-text-align-center\"><strong><a href=\"https:\/\/maps.app.goo.gl\/oPvhZXBaz3RNjokm8\" target=\"_blank\" rel=\"noreferrer noopener\">Itin\u00e9raire<\/a><\/strong><\/p>\n\n\n\n<div class=\"wp-block-columns is-layout-flex wp-container-core-columns-is-layout-9d6595d7 wp-block-columns-is-layout-flex\">\n<div class=\"wp-block-column is-vertically-aligned-bottom is-layout-flow wp-block-column-is-layout-flow\">\n<p class=\"has-text-align-center\"><a href=\"https:\/\/loor-hypnose.lu\/fr\/impressum\/\">Mentions l\u00e9gales<\/a> | <a href=\"https:\/\/loor-hypnose.lu\/fr\/datenschutz\/\">Politique de confidentialit\u00e9<\/a><\/p>\n<\/div>\n<\/div>\n<\/div>\n<\/div>\n\n\n\n<div class=\"wp-block-columns is-layout-flex wp-container-core-columns-is-layout-9d6595d7 wp-block-columns-is-layout-flex\">\n<div class=\"wp-block-column is-layout-flow wp-block-column-is-layout-flow\" style=\"flex-basis:100%\"><\/div>\n<\/div>\n\n\n\n<figure class=\"wp-block-image size-large round-loor\"><img decoding=\"async\" src=\"https:\/\/loor-hypnose.lu\/wp-content\/uploads\/2021\/04\/Hypnose-circle.svg\" alt=\"\" class=\"wp-image-15\"\/><\/figure>\n","protected":false},"excerpt":{"rendered":"<p>Qui est Loor-Hypnose ? Mon nom est Annemie Loor Mon exp\u00e9rience en tant qu\u00b4infirmi\u00e8re m\u00b4a montr\u00e9 qu\u00b4il ne suffit pas de soigner uniquement le corps du client mais qu\u00b4il faut \u00e9galement prendre en consid\u00e9ration son mental. En effet souvent les conflits dans l\u00b4inconscient apparaissent comme sympt\u00f4mes corporels, sans pour autant avoir une origine m\u00e9dicale. En&hellip; <a class=\"more-link\" href=\"https:\/\/loor-hypnose.lu\/fr\/\">Poursuivre la lecture <span class=\"screen-reader-text\">Page d&rsquo;accueil<\/span><\/a><\/p>\n","protected":false},"author":1,"featured_media":0,"parent":0,"menu_order":0,"comment_status":"closed","ping_status":"closed","template":"","meta":{"inline_featured_image":false,"footnotes":""},"class_list":["post-94","page","type-page","status-publish","hentry","entry"],"yoast_head":"<!-- This site is optimized with the Yoast SEO plugin v27.5 - https:\/\/yoast.com\/product\/yoast-seo-wordpress\/ -->\n<title>Page d&#039;accueil - Loor Hypnose<\/title>\n<meta name=\"robots\" content=\"index, follow, max-snippet:-1, max-image-preview:large, max-video-preview:-1\" \/>\n<link rel=\"canonical\" href=\"https:\/\/loor-hypnose.lu\/fr\/\" \/>\n<meta property=\"og:locale\" content=\"fr_FR\" \/>\n<meta property=\"og:type\" content=\"article\" \/>\n<meta property=\"og:title\" content=\"Page d&#039;accueil - Loor Hypnose\" \/>\n<meta property=\"og:description\" content=\"Qui est Loor-Hypnose ? Mon nom est Annemie Loor Mon exp\u00e9rience en tant qu\u00b4infirmi\u00e8re m\u00b4a montr\u00e9 qu\u00b4il ne suffit pas de soigner uniquement le corps du client mais qu\u00b4il faut \u00e9galement prendre en consid\u00e9ration son mental. En effet souvent les conflits dans l\u00b4inconscient apparaissent comme sympt\u00f4mes corporels, sans pour autant avoir une origine m\u00e9dicale. En&hellip; Poursuivre la lecture Page d&rsquo;accueil\" \/>\n<meta property=\"og:url\" content=\"https:\/\/loor-hypnose.lu\/fr\/\" \/>\n<meta property=\"og:site_name\" content=\"Loor Hypnose\" \/>\n<meta property=\"article:publisher\" content=\"https:\/\/www.facebook.com\/p\/Loor-Hypnose-100063640020371\/\" \/>\n<meta property=\"article:modified_time\" content=\"2024-11-19T17:19:33+00:00\" \/>\n<meta property=\"og:image\" content=\"https:\/\/loor-hypnose.lu\/wp-content\/uploads\/2024\/05\/loor_logo-1.svg\" \/>\n<meta name=\"twitter:card\" content=\"summary_large_image\" \/>\n<meta name=\"twitter:label1\" content=\"Dur\u00e9e de lecture estim\u00e9e\" \/>\n\t<meta name=\"twitter:data1\" content=\"3 minutes\" \/>\n<script type=\"application\/ld+json\" class=\"yoast-schema-graph\">{\"@context\":\"https:\\\/\\\/schema.org\",\"@graph\":[{\"@type\":\"WebPage\",\"@id\":\"https:\\\/\\\/loor-hypnose.lu\\\/fr\\\/\",\"url\":\"https:\\\/\\\/loor-hypnose.lu\\\/fr\\\/\",\"name\":\"Page d'accueil - Loor Hypnose\",\"isPartOf\":{\"@id\":\"https:\\\/\\\/loor-hypnose.lu\\\/fr\\\/#website\"},\"primaryImageOfPage\":{\"@id\":\"https:\\\/\\\/loor-hypnose.lu\\\/fr\\\/#primaryimage\"},\"image\":{\"@id\":\"https:\\\/\\\/loor-hypnose.lu\\\/fr\\\/#primaryimage\"},\"thumbnailUrl\":\"https:\\\/\\\/loor-hypnose.lu\\\/wp-content\\\/uploads\\\/2024\\\/05\\\/loor_logo-1.svg\",\"datePublished\":\"2024-01-09T10:58:47+00:00\",\"dateModified\":\"2024-11-19T17:19:33+00:00\",\"breadcrumb\":{\"@id\":\"https:\\\/\\\/loor-hypnose.lu\\\/fr\\\/#breadcrumb\"},\"inLanguage\":\"fr-FR\",\"potentialAction\":[{\"@type\":\"ReadAction\",\"target\":[\"https:\\\/\\\/loor-hypnose.lu\\\/fr\\\/\"]}]},{\"@type\":\"ImageObject\",\"inLanguage\":\"fr-FR\",\"@id\":\"https:\\\/\\\/loor-hypnose.lu\\\/fr\\\/#primaryimage\",\"url\":\"https:\\\/\\\/loor-hypnose.lu\\\/wp-content\\\/uploads\\\/2024\\\/05\\\/loor_logo-1.svg\",\"contentUrl\":\"https:\\\/\\\/loor-hypnose.lu\\\/wp-content\\\/uploads\\\/2024\\\/05\\\/loor_logo-1.svg\"},{\"@type\":\"BreadcrumbList\",\"@id\":\"https:\\\/\\\/loor-hypnose.lu\\\/fr\\\/#breadcrumb\",\"itemListElement\":[{\"@type\":\"ListItem\",\"position\":1,\"name\":\"Home\",\"item\":\"https:\\\/\\\/loor-hypnose.lu\\\/fr\\\/\"},{\"@type\":\"ListItem\",\"position\":2,\"name\":\"Page d&#8217;accueil\"}]},{\"@type\":\"WebSite\",\"@id\":\"https:\\\/\\\/loor-hypnose.lu\\\/fr\\\/#website\",\"url\":\"https:\\\/\\\/loor-hypnose.lu\\\/fr\\\/\",\"name\":\"Loor Hypnose\",\"description\":\"\",\"publisher\":{\"@id\":\"https:\\\/\\\/loor-hypnose.lu\\\/fr\\\/#organization\"},\"potentialAction\":[{\"@type\":\"SearchAction\",\"target\":{\"@type\":\"EntryPoint\",\"urlTemplate\":\"https:\\\/\\\/loor-hypnose.lu\\\/fr\\\/?s={search_term_string}\"},\"query-input\":{\"@type\":\"PropertyValueSpecification\",\"valueRequired\":true,\"valueName\":\"search_term_string\"}}],\"inLanguage\":\"fr-FR\"},{\"@type\":\"Organization\",\"@id\":\"https:\\\/\\\/loor-hypnose.lu\\\/fr\\\/#organization\",\"name\":\"Loor Hypnose\",\"url\":\"https:\\\/\\\/loor-hypnose.lu\\\/fr\\\/\",\"logo\":{\"@type\":\"ImageObject\",\"inLanguage\":\"fr-FR\",\"@id\":\"https:\\\/\\\/loor-hypnose.lu\\\/fr\\\/#\\\/schema\\\/logo\\\/image\\\/\",\"url\":\"https:\\\/\\\/loor-hypnose.lu\\\/wp-content\\\/uploads\\\/2024\\\/05\\\/loor_logo-1.svg\",\"contentUrl\":\"https:\\\/\\\/loor-hypnose.lu\\\/wp-content\\\/uploads\\\/2024\\\/05\\\/loor_logo-1.svg\",\"width\":\"1024\",\"height\":\"1024\",\"caption\":\"Loor Hypnose\"},\"image\":{\"@id\":\"https:\\\/\\\/loor-hypnose.lu\\\/fr\\\/#\\\/schema\\\/logo\\\/image\\\/\"},\"sameAs\":[\"https:\\\/\\\/www.facebook.com\\\/p\\\/Loor-Hypnose-100063640020371\\\/\"]}]}<\/script>\n<!-- \/ Yoast SEO plugin. -->","yoast_head_json":{"title":"Page d'accueil - Loor Hypnose","robots":{"index":"index","follow":"follow","max-snippet":"max-snippet:-1","max-image-preview":"max-image-preview:large","max-video-preview":"max-video-preview:-1"},"canonical":"https:\/\/loor-hypnose.lu\/fr\/","og_locale":"fr_FR","og_type":"article","og_title":"Page d'accueil - Loor Hypnose","og_description":"Qui est Loor-Hypnose ? Mon nom est Annemie Loor Mon exp\u00e9rience en tant qu\u00b4infirmi\u00e8re m\u00b4a montr\u00e9 qu\u00b4il ne suffit pas de soigner uniquement le corps du client mais qu\u00b4il faut \u00e9galement prendre en consid\u00e9ration son mental. En effet souvent les conflits dans l\u00b4inconscient apparaissent comme sympt\u00f4mes corporels, sans pour autant avoir une origine m\u00e9dicale. En&hellip; Poursuivre la lecture Page d&rsquo;accueil","og_url":"https:\/\/loor-hypnose.lu\/fr\/","og_site_name":"Loor Hypnose","article_publisher":"https:\/\/www.facebook.com\/p\/Loor-Hypnose-100063640020371\/","article_modified_time":"2024-11-19T17:19:33+00:00","og_image":[{"url":"https:\/\/loor-hypnose.lu\/wp-content\/uploads\/2024\/05\/loor_logo-1.svg","type":"","width":"","height":""}],"twitter_card":"summary_large_image","twitter_misc":{"Dur\u00e9e de lecture estim\u00e9e":"3 minutes"},"schema":{"@context":"https:\/\/schema.org","@graph":[{"@type":"WebPage","@id":"https:\/\/loor-hypnose.lu\/fr\/","url":"https:\/\/loor-hypnose.lu\/fr\/","name":"Page d'accueil - Loor Hypnose","isPartOf":{"@id":"https:\/\/loor-hypnose.lu\/fr\/#website"},"primaryImageOfPage":{"@id":"https:\/\/loor-hypnose.lu\/fr\/#primaryimage"},"image":{"@id":"https:\/\/loor-hypnose.lu\/fr\/#primaryimage"},"thumbnailUrl":"https:\/\/loor-hypnose.lu\/wp-content\/uploads\/2024\/05\/loor_logo-1.svg","datePublished":"2024-01-09T10:58:47+00:00","dateModified":"2024-11-19T17:19:33+00:00","breadcrumb":{"@id":"https:\/\/loor-hypnose.lu\/fr\/#breadcrumb"},"inLanguage":"fr-FR","potentialAction":[{"@type":"ReadAction","target":["https:\/\/loor-hypnose.lu\/fr\/"]}]},{"@type":"ImageObject","inLanguage":"fr-FR","@id":"https:\/\/loor-hypnose.lu\/fr\/#primaryimage","url":"https:\/\/loor-hypnose.lu\/wp-content\/uploads\/2024\/05\/loor_logo-1.svg","contentUrl":"https:\/\/loor-hypnose.lu\/wp-content\/uploads\/2024\/05\/loor_logo-1.svg"},{"@type":"BreadcrumbList","@id":"https:\/\/loor-hypnose.lu\/fr\/#breadcrumb","itemListElement":[{"@type":"ListItem","position":1,"name":"Home","item":"https:\/\/loor-hypnose.lu\/fr\/"},{"@type":"ListItem","position":2,"name":"Page d&#8217;accueil"}]},{"@type":"WebSite","@id":"https:\/\/loor-hypnose.lu\/fr\/#website","url":"https:\/\/loor-hypnose.lu\/fr\/","name":"Loor Hypnose","description":"","publisher":{"@id":"https:\/\/loor-hypnose.lu\/fr\/#organization"},"potentialAction":[{"@type":"SearchAction","target":{"@type":"EntryPoint","urlTemplate":"https:\/\/loor-hypnose.lu\/fr\/?s={search_term_string}"},"query-input":{"@type":"PropertyValueSpecification","valueRequired":true,"valueName":"search_term_string"}}],"inLanguage":"fr-FR"},{"@type":"Organization","@id":"https:\/\/loor-hypnose.lu\/fr\/#organization","name":"Loor Hypnose","url":"https:\/\/loor-hypnose.lu\/fr\/","logo":{"@type":"ImageObject","inLanguage":"fr-FR","@id":"https:\/\/loor-hypnose.lu\/fr\/#\/schema\/logo\/image\/","url":"https:\/\/loor-hypnose.lu\/wp-content\/uploads\/2024\/05\/loor_logo-1.svg","contentUrl":"https:\/\/loor-hypnose.lu\/wp-content\/uploads\/2024\/05\/loor_logo-1.svg","width":"1024","height":"1024","caption":"Loor Hypnose"},"image":{"@id":"https:\/\/loor-hypnose.lu\/fr\/#\/schema\/logo\/image\/"},"sameAs":["https:\/\/www.facebook.com\/p\/Loor-Hypnose-100063640020371\/"]}]}},"_links":{"self":[{"href":"https:\/\/loor-hypnose.lu\/fr\/wp-json\/wp\/v2\/pages\/94","targetHints":{"allow":["GET"]}}],"collection":[{"href":"https:\/\/loor-hypnose.lu\/fr\/wp-json\/wp\/v2\/pages"}],"about":[{"href":"https:\/\/loor-hypnose.lu\/fr\/wp-json\/wp\/v2\/types\/page"}],"author":[{"embeddable":true,"href":"https:\/\/loor-hypnose.lu\/fr\/wp-json\/wp\/v2\/users\/1"}],"replies":[{"embeddable":true,"href":"https:\/\/loor-hypnose.lu\/fr\/wp-json\/wp\/v2\/comments?post=94"}],"version-history":[{"count":10,"href":"https:\/\/loor-hypnose.lu\/fr\/wp-json\/wp\/v2\/pages\/94\/revisions"}],"predecessor-version":[{"id":261,"href":"https:\/\/loor-hypnose.lu\/fr\/wp-json\/wp\/v2\/pages\/94\/revisions\/261"}],"wp:attachment":[{"href":"https:\/\/loor-hypnose.lu\/fr\/wp-json\/wp\/v2\/media?parent=94"}],"curies":[{"name":"wp","href":"https:\/\/api.w.org\/{rel}","templated":true}]}}